{"id":28093,"date":"2004-06-09T00:00:00","date_gmt":"2004-06-08T22:00:00","guid":{"rendered":"https:\/\/kreutzer-modern.de\/?post_type=product&#038;p=28093"},"modified":"2019-07-20T13:58:58","modified_gmt":"2019-07-20T11:58:58","slug":"jean-prouve-front-door","status":"publish","type":"product","link":"https:\/\/kreutzer-modern.de\/en\/produkt\/jean-prouve-front-door\/","title":{"rendered":"Jean Prouv\u00e9 front door"},"excerpt":{"rendered":"<p>This front door consisting of two wings was designed by Jean Prouv\u00e9 in 1930 (see: the picture from Jean Prouv\u00e9&#8217;s works- Peter Sulzer page 58 and 168). It was originally installed in a house in the Vosges in the vicinity of Epinal. All parts of the door are linked by screws. The complete inner side of the front door was ornamented with glass sheets. The original suspension with the hinges still exists.<\/p>\n","protected":false},"featured_media":14724,"template":"","meta":[],"product_cat":[102,3134],"product_tag":[],"yoast_head":"<!-- This site is optimized with the Yoast SEO plugin v20.1 - https:\/\/yoast.com\/wordpress\/plugins\/seo\/ -->\n<title>Jean Prouv\u00e9 front door - Kreutzer Furniture &amp; Design<\/title>\n<meta name=\"robots\" content=\"index, follow, max-snippet:-1, max-image-preview:large, max-video-preview:-1\" \/>\n<link rel=\"canonical\" href=\"https:\/\/kreutzer-modern.de\/en\/produkt\/jean-prouve-front-door\/\" \/>\n<meta property=\"og:locale\" content=\"en_US\" \/>\n<meta property=\"og:type\" content=\"article\" \/>\n<meta property=\"og:title\" content=\"Jean Prouv\u00e9 front door - Kreutzer Furniture &amp; Design\" \/>\n<meta property=\"og:description\" content=\"This front door consisting of two wings was designed by Jean Prouv\u00e9 in 1930 (see: the picture from Jean Prouv\u00e9&#039;s works- Peter Sulzer page 58 and 168). It was originally installed in a house in the Vosges in the vicinity of Epinal. All parts of the door are linked by screws. The complete inner side of the front door was ornamented with glass sheets. The original suspension with the hinges still exists.\" \/>\n<meta property=\"og:url\" content=\"https:\/\/kreutzer-modern.de\/en\/produkt\/jean-prouve-front-door\/\" \/>\n<meta property=\"og:site_name\" content=\"Kreutzer Furniture &amp; Design\" \/>\n<meta property=\"article:modified_time\" content=\"2019-07-20T11:58:58+00:00\" \/>\n<meta property=\"og:image\" content=\"https:\/\/kreutzer-modern.de\/wp-content\/uploads\/2019\/02\/10023-01.jpg\" \/>\n\t<meta property=\"og:image:width\" content=\"600\" \/>\n\t<meta property=\"og:image:height\" content=\"800\" \/>\n\t<meta property=\"og:image:type\" content=\"image\/jpeg\" \/>\n<meta name=\"twitter:card\" content=\"summary_large_image\" \/>\n<script type=\"application\/ld+json\" class=\"yoast-schema-graph\">{\"@context\":\"https:\/\/schema.org\",\"@graph\":[{\"@type\":\"WebPage\",\"@id\":\"https:\/\/kreutzer-modern.de\/en\/produkt\/jean-prouve-front-door\/\",\"url\":\"https:\/\/kreutzer-modern.de\/en\/produkt\/jean-prouve-front-door\/\",\"name\":\"Jean Prouv\u00e9 front door - Kreutzer Furniture &amp; Design\",\"isPartOf\":{\"@id\":\"https:\/\/kreutzer-modern.de\/#website\"},\"datePublished\":\"2004-06-08T22:00:00+00:00\",\"dateModified\":\"2019-07-20T11:58:58+00:00\",\"breadcrumb\":{\"@id\":\"https:\/\/kreutzer-modern.de\/en\/produkt\/jean-prouve-front-door\/#breadcrumb\"},\"inLanguage\":\"en-US\",\"potentialAction\":[{\"@type\":\"ReadAction\",\"target\":[\"https:\/\/kreutzer-modern.de\/en\/produkt\/jean-prouve-front-door\/\"]}]},{\"@type\":\"BreadcrumbList\",\"@id\":\"https:\/\/kreutzer-modern.de\/en\/produkt\/jean-prouve-front-door\/#breadcrumb\",\"itemListElement\":[{\"@type\":\"ListItem\",\"position\":1,\"name\":\"products\",\"item\":\"https:\/\/kreutzer-modern.de\/en\/products\/\"},{\"@type\":\"ListItem\",\"position\":2,\"name\":\"Archive\",\"item\":\"https:\/\/kreutzer-modern.de\/en\/produkt-kategorie\/archive\/\"},{\"@type\":\"ListItem\",\"position\":3,\"name\":\"Miscellaneous\",\"item\":\"https:\/\/kreutzer-modern.de\/en\/produkt-kategorie\/archive\/miscellaneous-en\/\"},{\"@type\":\"ListItem\",\"position\":4,\"name\":\"Jean Prouv\u00e9 front door\"}]},{\"@type\":\"WebSite\",\"@id\":\"https:\/\/kreutzer-modern.de\/#website\",\"url\":\"https:\/\/kreutzer-modern.de\/\",\"name\":\"Kreutzer Furniture &amp; Design\",\"description\":\"Design Classics of Modernity\",\"potentialAction\":[{\"@type\":\"SearchAction\",\"target\":{\"@type\":\"EntryPoint\",\"urlTemplate\":\"https:\/\/kreutzer-modern.de\/?s={search_term_string}\"},\"query-input\":\"required name=search_term_string\"}],\"inLanguage\":\"en-US\"}]}<\/script>\n<!-- \/ Yoast SEO plugin. -->","yoast_head_json":{"title":"Jean Prouv\u00e9 front door - Kreutzer Furniture &amp; Design","robots":{"index":"index","follow":"follow","max-snippet":"max-snippet:-1","max-image-preview":"max-image-preview:large","max-video-preview":"max-video-preview:-1"},"canonical":"https:\/\/kreutzer-modern.de\/en\/produkt\/jean-prouve-front-door\/","og_locale":"en_US","og_type":"article","og_title":"Jean Prouv\u00e9 front door - Kreutzer Furniture &amp; Design","og_description":"This front door consisting of two wings was designed by Jean Prouv\u00e9 in 1930 (see: the picture from Jean Prouv\u00e9's works- Peter Sulzer page 58 and 168). It was originally installed in a house in the Vosges in the vicinity of Epinal. All parts of the door are linked by screws. The complete inner side of the front door was ornamented with glass sheets. The original suspension with the hinges still exists.","og_url":"https:\/\/kreutzer-modern.de\/en\/produkt\/jean-prouve-front-door\/","og_site_name":"Kreutzer Furniture &amp; Design","article_modified_time":"2019-07-20T11:58:58+00:00","og_image":[{"width":600,"height":800,"url":"https:\/\/kreutzer-modern.de\/wp-content\/uploads\/2019\/02\/10023-01.jpg","type":"image\/jpeg"}],"twitter_card":"summary_large_image","schema":{"@context":"https:\/\/schema.org","@graph":[{"@type":"WebPage","@id":"https:\/\/kreutzer-modern.de\/en\/produkt\/jean-prouve-front-door\/","url":"https:\/\/kreutzer-modern.de\/en\/produkt\/jean-prouve-front-door\/","name":"Jean Prouv\u00e9 front door - Kreutzer Furniture &amp; Design","isPartOf":{"@id":"https:\/\/kreutzer-modern.de\/#website"},"datePublished":"2004-06-08T22:00:00+00:00","dateModified":"2019-07-20T11:58:58+00:00","breadcrumb":{"@id":"https:\/\/kreutzer-modern.de\/en\/produkt\/jean-prouve-front-door\/#breadcrumb"},"inLanguage":"en-US","potentialAction":[{"@type":"ReadAction","target":["https:\/\/kreutzer-modern.de\/en\/produkt\/jean-prouve-front-door\/"]}]},{"@type":"BreadcrumbList","@id":"https:\/\/kreutzer-modern.de\/en\/produkt\/jean-prouve-front-door\/#breadcrumb","itemListElement":[{"@type":"ListItem","position":1,"name":"products","item":"https:\/\/kreutzer-modern.de\/en\/products\/"},{"@type":"ListItem","position":2,"name":"Archive","item":"https:\/\/kreutzer-modern.de\/en\/produkt-kategorie\/archive\/"},{"@type":"ListItem","position":3,"name":"Miscellaneous","item":"https:\/\/kreutzer-modern.de\/en\/produkt-kategorie\/archive\/miscellaneous-en\/"},{"@type":"ListItem","position":4,"name":"Jean Prouv\u00e9 front door"}]},{"@type":"WebSite","@id":"https:\/\/kreutzer-modern.de\/#website","url":"https:\/\/kreutzer-modern.de\/","name":"Kreutzer Furniture &amp; Design","description":"Design Classics of Modernity","potentialAction":[{"@type":"SearchAction","target":{"@type":"EntryPoint","urlTemplate":"https:\/\/kreutzer-modern.de\/?s={search_term_string}"},"query-input":"required name=search_term_string"}],"inLanguage":"en-US"}]}},"_links":{"self":[{"href":"https:\/\/kreutzer-modern.de\/en\/wp-json\/wp\/v2\/product\/28093"}],"collection":[{"href":"https:\/\/kreutzer-modern.de\/en\/wp-json\/wp\/v2\/product"}],"about":[{"href":"https:\/\/kreutzer-modern.de\/en\/wp-json\/wp\/v2\/types\/product"}],"wp:featuredmedia":[{"embeddable":true,"href":"https:\/\/kreutzer-modern.de\/en\/wp-json\/wp\/v2\/media\/14724"}],"wp:attachment":[{"href":"https:\/\/kreutzer-modern.de\/en\/wp-json\/wp\/v2\/media?parent=28093"}],"wp:term":[{"taxonomy":"product_cat","embeddable":true,"href":"https:\/\/kreutzer-modern.de\/en\/wp-json\/wp\/v2\/product_cat?post=28093"},{"taxonomy":"product_tag","embeddable":true,"href":"https:\/\/kreutzer-modern.de\/en\/wp-json\/wp\/v2\/product_tag?post=28093"}],"curies":[{"name":"wp","href":"https:\/\/api.w.org\/{rel}","templated":true}]}}