{"id":29258,"date":"2019-12-11T18:10:18","date_gmt":"2019-12-17T12:47:11","guid":{"rendered":"https:\/\/kreutzer-modern.de\/?post_type=product&#038;p=29258"},"modified":"2020-08-18T20:06:23","modified_gmt":"2020-08-18T18:06:23","slug":"unique-museum-specimen-of-a-casket-by-viktor-lurje-for-the-wiener-werkstaetten","status":"publish","type":"product","link":"https:\/\/kreutzer-modern.de\/en\/produkt\/unique-museum-specimen-of-a-casket-by-viktor-lurje-for-the-wiener-werkstaetten\/","title":{"rendered":"Unique museum specimen of a casket by Viktor Lurje for the Wiener Werkst\u00e4tten"},"excerpt":{"rendered":"<p>Unique museum specimen of a casket by Viktor Lurje for the Wiener Werkst\u00e4tten, dated 1920.<\/p>\n<p>Signature Viktor Lurje VL and the Wiener Werkst\u00e4tten WW.<\/p>\n<p>Extensive inlay work in the representation of an opera by Ludomir R\u00f3\u017cycki.<\/p>\n<p>W 58 cm x H 25 cm x D 45 cm<\/p>\n<p>&nbsp;<\/p>\n<p><strong>Literature:<\/strong><\/p>\n<p>&#8211; <strong>MAK<\/strong> Museum f\u00fcr angewndte Kunst &#8211; <em>Vorbildersammlung<\/em><\/p>\n<p><a href=\"https:\/\/sammlung.mak.at\/sammlung_online?id=collect-174496\">\u00a0\u00a0\u00a0 Silver gelatine print archive collection MAK 1920<\/a><\/p>\n<p>&#8211; <strong>Kunst und Kunsthandwerk<\/strong> &#8211; Monthly Magazine XXIII (1920\/ Magazine 789 and 10)<\/p>\n<p>&#8211; <strong>Deutsche Kunst und Dekoration<\/strong> 1921 (page 185 &#8211; 1921)<\/p>\n<p>&nbsp;<\/p>\n<p><strong>Provenance:<\/strong><\/p>\n<p>Max Wolf Collection 1885-1976<\/p>\n<p>&nbsp;<\/p>\n","protected":false},"featured_media":29249,"template":"","meta":[],"product_cat":[102,3133,3134],"product_tag":[],"yoast_head":"<!-- This site is optimized with the Yoast SEO plugin v20.1 - https:\/\/yoast.com\/wordpress\/plugins\/seo\/ -->\n<title>Unique museum specimen of a casket by Viktor Lurje for the Wiener Werkst\u00e4tten - Kreutzer Furniture &amp; Design<\/title>\n<meta name=\"robots\" content=\"index, follow, max-snippet:-1, max-image-preview:large, max-video-preview:-1\" \/>\n<link rel=\"canonical\" href=\"https:\/\/kreutzer-modern.de\/en\/produkt\/unique-museum-specimen-of-a-casket-by-viktor-lurje-for-the-wiener-werkstaetten\/\" \/>\n<meta property=\"og:locale\" content=\"en_US\" \/>\n<meta property=\"og:type\" content=\"article\" \/>\n<meta property=\"og:title\" content=\"Unique museum specimen of a casket by Viktor Lurje for the Wiener Werkst\u00e4tten - Kreutzer Furniture &amp; Design\" \/>\n<meta property=\"og:description\" content=\"Unique museum specimen of a casket by Viktor Lurje for the Wiener Werkst\u00e4tten, dated 1920.  Signature Viktor Lurje VL and the Wiener Werkst\u00e4tten WW.  Extensive inlay work in the representation of an opera by Ludomir R\u00f3\u017cycki.  W 58 cm x H 25 cm x D 45 cm  &nbsp;  Literature:  - MAK Museum f\u00fcr angewndte Kunst - Vorbildersammlung  \u00a0\u00a0\u00a0 Silver gelatine print archive collection MAK 1920  - Kunst und Kunsthandwerk - Monthly Magazine XXIII (1920\/ Magazine 789 and 10)  - Deutsche Kunst und Dekoration 1921 (page 185 - 1921)  &nbsp;  Provenance:  Max Wolf Collection 1885-1976  &nbsp;\" \/>\n<meta property=\"og:url\" content=\"https:\/\/kreutzer-modern.de\/en\/produkt\/unique-museum-specimen-of-a-casket-by-viktor-lurje-for-the-wiener-werkstaetten\/\" \/>\n<meta property=\"og:site_name\" content=\"Kreutzer Furniture &amp; Design\" \/>\n<meta property=\"article:modified_time\" content=\"2020-08-18T18:06:23+00:00\" \/>\n<meta property=\"og:image\" content=\"https:\/\/kreutzer-modern.de\/wp-content\/uploads\/2019\/12\/10923-k-1.jpg\" \/>\n\t<meta property=\"og:image:width\" content=\"6040\" \/>\n\t<meta property=\"og:image:height\" content=\"4027\" \/>\n\t<meta property=\"og:image:type\" content=\"image\/jpeg\" \/>\n<meta name=\"twitter:card\" content=\"summary_large_image\" \/>\n<script type=\"application\/ld+json\" class=\"yoast-schema-graph\">{\"@context\":\"https:\/\/schema.org\",\"@graph\":[{\"@type\":\"WebPage\",\"@id\":\"https:\/\/kreutzer-modern.de\/en\/produkt\/unique-museum-specimen-of-a-casket-by-viktor-lurje-for-the-wiener-werkstaetten\/\",\"url\":\"https:\/\/kreutzer-modern.de\/en\/produkt\/unique-museum-specimen-of-a-casket-by-viktor-lurje-for-the-wiener-werkstaetten\/\",\"name\":\"Unique museum specimen of a casket by Viktor Lurje for the Wiener Werkst\u00e4tten - Kreutzer Furniture &amp; Design\",\"isPartOf\":{\"@id\":\"https:\/\/kreutzer-modern.de\/#website\"},\"datePublished\":\"2019-12-17T12:47:11+00:00\",\"dateModified\":\"2020-08-18T18:06:23+00:00\",\"breadcrumb\":{\"@id\":\"https:\/\/kreutzer-modern.de\/en\/produkt\/unique-museum-specimen-of-a-casket-by-viktor-lurje-for-the-wiener-werkstaetten\/#breadcrumb\"},\"inLanguage\":\"en-US\",\"potentialAction\":[{\"@type\":\"ReadAction\",\"target\":[\"https:\/\/kreutzer-modern.de\/en\/produkt\/unique-museum-specimen-of-a-casket-by-viktor-lurje-for-the-wiener-werkstaetten\/\"]}]},{\"@type\":\"BreadcrumbList\",\"@id\":\"https:\/\/kreutzer-modern.de\/en\/produkt\/unique-museum-specimen-of-a-casket-by-viktor-lurje-for-the-wiener-werkstaetten\/#breadcrumb\",\"itemListElement\":[{\"@type\":\"ListItem\",\"position\":1,\"name\":\"products\",\"item\":\"https:\/\/kreutzer-modern.de\/en\/products\/\"},{\"@type\":\"ListItem\",\"position\":2,\"name\":\"Archive\",\"item\":\"https:\/\/kreutzer-modern.de\/en\/produkt-kategorie\/archive\/\"},{\"@type\":\"ListItem\",\"position\":3,\"name\":\"Arts\",\"item\":\"https:\/\/kreutzer-modern.de\/en\/produkt-kategorie\/archive\/arts-en\/\"},{\"@type\":\"ListItem\",\"position\":4,\"name\":\"Unique museum specimen of a casket by Viktor Lurje for the Wiener Werkst\u00e4tten\"}]},{\"@type\":\"WebSite\",\"@id\":\"https:\/\/kreutzer-modern.de\/#website\",\"url\":\"https:\/\/kreutzer-modern.de\/\",\"name\":\"Kreutzer Furniture &amp; Design\",\"description\":\"Design Classics of Modernity\",\"potentialAction\":[{\"@type\":\"SearchAction\",\"target\":{\"@type\":\"EntryPoint\",\"urlTemplate\":\"https:\/\/kreutzer-modern.de\/?s={search_term_string}\"},\"query-input\":\"required name=search_term_string\"}],\"inLanguage\":\"en-US\"}]}<\/script>\n<!-- \/ Yoast SEO plugin. -->","yoast_head_json":{"title":"Unique museum specimen of a casket by Viktor Lurje for the Wiener Werkst\u00e4tten - Kreutzer Furniture &amp; Design","robots":{"index":"index","follow":"follow","max-snippet":"max-snippet:-1","max-image-preview":"max-image-preview:large","max-video-preview":"max-video-preview:-1"},"canonical":"https:\/\/kreutzer-modern.de\/en\/produkt\/unique-museum-specimen-of-a-casket-by-viktor-lurje-for-the-wiener-werkstaetten\/","og_locale":"en_US","og_type":"article","og_title":"Unique museum specimen of a casket by Viktor Lurje for the Wiener Werkst\u00e4tten - Kreutzer Furniture &amp; Design","og_description":"Unique museum specimen of a casket by Viktor Lurje for the Wiener Werkst\u00e4tten, dated 1920.  Signature Viktor Lurje VL and the Wiener Werkst\u00e4tten WW.  Extensive inlay work in the representation of an opera by Ludomir R\u00f3\u017cycki.  W 58 cm x H 25 cm x D 45 cm  &nbsp;  Literature:  - MAK Museum f\u00fcr angewndte Kunst - Vorbildersammlung  \u00a0\u00a0\u00a0 Silver gelatine print archive collection MAK 1920  - Kunst und Kunsthandwerk - Monthly Magazine XXIII (1920\/ Magazine 789 and 10)  - Deutsche Kunst und Dekoration 1921 (page 185 - 1921)  &nbsp;  Provenance:  Max Wolf Collection 1885-1976  &nbsp;","og_url":"https:\/\/kreutzer-modern.de\/en\/produkt\/unique-museum-specimen-of-a-casket-by-viktor-lurje-for-the-wiener-werkstaetten\/","og_site_name":"Kreutzer Furniture &amp; Design","article_modified_time":"2020-08-18T18:06:23+00:00","og_image":[{"width":6040,"height":4027,"url":"https:\/\/kreutzer-modern.de\/wp-content\/uploads\/2019\/12\/10923-k-1.jpg","type":"image\/jpeg"}],"twitter_card":"summary_large_image","schema":{"@context":"https:\/\/schema.org","@graph":[{"@type":"WebPage","@id":"https:\/\/kreutzer-modern.de\/en\/produkt\/unique-museum-specimen-of-a-casket-by-viktor-lurje-for-the-wiener-werkstaetten\/","url":"https:\/\/kreutzer-modern.de\/en\/produkt\/unique-museum-specimen-of-a-casket-by-viktor-lurje-for-the-wiener-werkstaetten\/","name":"Unique museum specimen of a casket by Viktor Lurje for the Wiener Werkst\u00e4tten - Kreutzer Furniture &amp; Design","isPartOf":{"@id":"https:\/\/kreutzer-modern.de\/#website"},"datePublished":"2019-12-17T12:47:11+00:00","dateModified":"2020-08-18T18:06:23+00:00","breadcrumb":{"@id":"https:\/\/kreutzer-modern.de\/en\/produkt\/unique-museum-specimen-of-a-casket-by-viktor-lurje-for-the-wiener-werkstaetten\/#breadcrumb"},"inLanguage":"en-US","potentialAction":[{"@type":"ReadAction","target":["https:\/\/kreutzer-modern.de\/en\/produkt\/unique-museum-specimen-of-a-casket-by-viktor-lurje-for-the-wiener-werkstaetten\/"]}]},{"@type":"BreadcrumbList","@id":"https:\/\/kreutzer-modern.de\/en\/produkt\/unique-museum-specimen-of-a-casket-by-viktor-lurje-for-the-wiener-werkstaetten\/#breadcrumb","itemListElement":[{"@type":"ListItem","position":1,"name":"products","item":"https:\/\/kreutzer-modern.de\/en\/products\/"},{"@type":"ListItem","position":2,"name":"Archive","item":"https:\/\/kreutzer-modern.de\/en\/produkt-kategorie\/archive\/"},{"@type":"ListItem","position":3,"name":"Arts","item":"https:\/\/kreutzer-modern.de\/en\/produkt-kategorie\/archive\/arts-en\/"},{"@type":"ListItem","position":4,"name":"Unique museum specimen of a casket by Viktor Lurje for the Wiener Werkst\u00e4tten"}]},{"@type":"WebSite","@id":"https:\/\/kreutzer-modern.de\/#website","url":"https:\/\/kreutzer-modern.de\/","name":"Kreutzer Furniture &amp; Design","description":"Design Classics of Modernity","potentialAction":[{"@type":"SearchAction","target":{"@type":"EntryPoint","urlTemplate":"https:\/\/kreutzer-modern.de\/?s={search_term_string}"},"query-input":"required name=search_term_string"}],"inLanguage":"en-US"}]}},"_links":{"self":[{"href":"https:\/\/kreutzer-modern.de\/en\/wp-json\/wp\/v2\/product\/29258"}],"collection":[{"href":"https:\/\/kreutzer-modern.de\/en\/wp-json\/wp\/v2\/product"}],"about":[{"href":"https:\/\/kreutzer-modern.de\/en\/wp-json\/wp\/v2\/types\/product"}],"wp:featuredmedia":[{"embeddable":true,"href":"https:\/\/kreutzer-modern.de\/en\/wp-json\/wp\/v2\/media\/29249"}],"wp:attachment":[{"href":"https:\/\/kreutzer-modern.de\/en\/wp-json\/wp\/v2\/media?parent=29258"}],"wp:term":[{"taxonomy":"product_cat","embeddable":true,"href":"https:\/\/kreutzer-modern.de\/en\/wp-json\/wp\/v2\/product_cat?post=29258"},{"taxonomy":"product_tag","embeddable":true,"href":"https:\/\/kreutzer-modern.de\/en\/wp-json\/wp\/v2\/product_tag?post=29258"}],"curies":[{"name":"wp","href":"https:\/\/api.w.org\/{rel}","templated":true}]}}