{"id":30203,"date":"2020-09-21T18:16:16","date_gmt":"2020-09-24T09:32:32","guid":{"rendered":"https:\/\/kreutzer-modern.de\/?post_type=product&#038;p=30203"},"modified":"2020-09-24T11:32:32","modified_gmt":"2020-09-24T09:32:32","slug":"herta-maria-witzemann-easy-chair-for-schoerle-goelz-stuttgart","status":"publish","type":"product","link":"https:\/\/kreutzer-modern.de\/en\/produkt\/herta-maria-witzemann-easy-chair-for-schoerle-goelz-stuttgart\/","title":{"rendered":"Herta-Maria Witzemann, Easy Chair for Sch\u00f6rle &#038; G\u00f6lz Stuttgart"},"excerpt":{"rendered":"<p>Easychair by Herta-Maria Witzemann for Sch\u00f6rle &amp; G\u00f6lz Stuttgart with the original fabric.<\/p>\n<p>H 70 cm D 51 cm W 51 cm<\/p>\n","protected":false},"featured_media":30192,"template":"","meta":[],"product_cat":[102],"product_tag":[],"yoast_head":"<!-- This site is optimized with the Yoast SEO plugin v20.1 - https:\/\/yoast.com\/wordpress\/plugins\/seo\/ -->\n<title>Herta-Maria Witzemann, Easy Chair for Sch\u00f6rle &amp; G\u00f6lz Stuttgart - Kreutzer Furniture &amp; Design<\/title>\n<meta name=\"robots\" content=\"index, follow, max-snippet:-1, max-image-preview:large, max-video-preview:-1\" \/>\n<link rel=\"canonical\" href=\"https:\/\/kreutzer-modern.de\/en\/produkt\/herta-maria-witzemann-easy-chair-for-schoerle-goelz-stuttgart\/\" \/>\n<meta property=\"og:locale\" content=\"en_US\" \/>\n<meta property=\"og:type\" content=\"article\" \/>\n<meta property=\"og:title\" content=\"Herta-Maria Witzemann, Easy Chair for Sch\u00f6rle &amp; G\u00f6lz Stuttgart - Kreutzer Furniture &amp; Design\" \/>\n<meta property=\"og:description\" content=\"Easychair by Herta-Maria Witzemann for Sch\u00f6rle &amp; G\u00f6lz Stuttgart with the original fabric.H 70 cm D 51 cm W 51 cm\" \/>\n<meta property=\"og:url\" content=\"https:\/\/kreutzer-modern.de\/en\/produkt\/herta-maria-witzemann-easy-chair-for-schoerle-goelz-stuttgart\/\" \/>\n<meta property=\"og:site_name\" content=\"Kreutzer Furniture &amp; Design\" \/>\n<meta property=\"og:image\" content=\"https:\/\/kreutzer-modern.de\/wp-content\/uploads\/2020\/09\/10969-1.jpg\" \/>\n\t<meta property=\"og:image:width\" content=\"2560\" \/>\n\t<meta property=\"og:image:height\" content=\"1707\" \/>\n\t<meta property=\"og:image:type\" content=\"image\/jpeg\" \/>\n<meta name=\"twitter:card\" content=\"summary_large_image\" \/>\n<script type=\"application\/ld+json\" class=\"yoast-schema-graph\">{\"@context\":\"https:\/\/schema.org\",\"@graph\":[{\"@type\":\"WebPage\",\"@id\":\"https:\/\/kreutzer-modern.de\/en\/produkt\/herta-maria-witzemann-easy-chair-for-schoerle-goelz-stuttgart\/\",\"url\":\"https:\/\/kreutzer-modern.de\/en\/produkt\/herta-maria-witzemann-easy-chair-for-schoerle-goelz-stuttgart\/\",\"name\":\"Herta-Maria Witzemann, Easy Chair for Sch\u00f6rle & G\u00f6lz Stuttgart - Kreutzer Furniture &amp; Design\",\"isPartOf\":{\"@id\":\"https:\/\/kreutzer-modern.de\/#website\"},\"datePublished\":\"2020-09-24T09:32:32+00:00\",\"dateModified\":\"2020-09-24T09:32:32+00:00\",\"breadcrumb\":{\"@id\":\"https:\/\/kreutzer-modern.de\/en\/produkt\/herta-maria-witzemann-easy-chair-for-schoerle-goelz-stuttgart\/#breadcrumb\"},\"inLanguage\":\"en-US\",\"potentialAction\":[{\"@type\":\"ReadAction\",\"target\":[\"https:\/\/kreutzer-modern.de\/en\/produkt\/herta-maria-witzemann-easy-chair-for-schoerle-goelz-stuttgart\/\"]}]},{\"@type\":\"BreadcrumbList\",\"@id\":\"https:\/\/kreutzer-modern.de\/en\/produkt\/herta-maria-witzemann-easy-chair-for-schoerle-goelz-stuttgart\/#breadcrumb\",\"itemListElement\":[{\"@type\":\"ListItem\",\"position\":1,\"name\":\"products\",\"item\":\"https:\/\/kreutzer-modern.de\/en\/products\/\"},{\"@type\":\"ListItem\",\"position\":2,\"name\":\"Archive\",\"item\":\"https:\/\/kreutzer-modern.de\/en\/produkt-kategorie\/archive\/\"},{\"@type\":\"ListItem\",\"position\":3,\"name\":\"Herta-Maria Witzemann, Easy Chair for Sch\u00f6rle &#038; G\u00f6lz Stuttgart\"}]},{\"@type\":\"WebSite\",\"@id\":\"https:\/\/kreutzer-modern.de\/#website\",\"url\":\"https:\/\/kreutzer-modern.de\/\",\"name\":\"Kreutzer Furniture &amp; Design\",\"description\":\"Design Classics of Modernity\",\"potentialAction\":[{\"@type\":\"SearchAction\",\"target\":{\"@type\":\"EntryPoint\",\"urlTemplate\":\"https:\/\/kreutzer-modern.de\/?s={search_term_string}\"},\"query-input\":\"required name=search_term_string\"}],\"inLanguage\":\"en-US\"}]}<\/script>\n<!-- \/ Yoast SEO plugin. -->","yoast_head_json":{"title":"Herta-Maria Witzemann, Easy Chair for Sch\u00f6rle & G\u00f6lz Stuttgart - Kreutzer Furniture &amp; Design","robots":{"index":"index","follow":"follow","max-snippet":"max-snippet:-1","max-image-preview":"max-image-preview:large","max-video-preview":"max-video-preview:-1"},"canonical":"https:\/\/kreutzer-modern.de\/en\/produkt\/herta-maria-witzemann-easy-chair-for-schoerle-goelz-stuttgart\/","og_locale":"en_US","og_type":"article","og_title":"Herta-Maria Witzemann, Easy Chair for Sch\u00f6rle & G\u00f6lz Stuttgart - Kreutzer Furniture &amp; Design","og_description":"Easychair by Herta-Maria Witzemann for Sch\u00f6rle &amp; G\u00f6lz Stuttgart with the original fabric.H 70 cm D 51 cm W 51 cm","og_url":"https:\/\/kreutzer-modern.de\/en\/produkt\/herta-maria-witzemann-easy-chair-for-schoerle-goelz-stuttgart\/","og_site_name":"Kreutzer Furniture &amp; Design","og_image":[{"width":2560,"height":1707,"url":"https:\/\/kreutzer-modern.de\/wp-content\/uploads\/2020\/09\/10969-1.jpg","type":"image\/jpeg"}],"twitter_card":"summary_large_image","schema":{"@context":"https:\/\/schema.org","@graph":[{"@type":"WebPage","@id":"https:\/\/kreutzer-modern.de\/en\/produkt\/herta-maria-witzemann-easy-chair-for-schoerle-goelz-stuttgart\/","url":"https:\/\/kreutzer-modern.de\/en\/produkt\/herta-maria-witzemann-easy-chair-for-schoerle-goelz-stuttgart\/","name":"Herta-Maria Witzemann, Easy Chair for Sch\u00f6rle & G\u00f6lz Stuttgart - Kreutzer Furniture &amp; Design","isPartOf":{"@id":"https:\/\/kreutzer-modern.de\/#website"},"datePublished":"2020-09-24T09:32:32+00:00","dateModified":"2020-09-24T09:32:32+00:00","breadcrumb":{"@id":"https:\/\/kreutzer-modern.de\/en\/produkt\/herta-maria-witzemann-easy-chair-for-schoerle-goelz-stuttgart\/#breadcrumb"},"inLanguage":"en-US","potentialAction":[{"@type":"ReadAction","target":["https:\/\/kreutzer-modern.de\/en\/produkt\/herta-maria-witzemann-easy-chair-for-schoerle-goelz-stuttgart\/"]}]},{"@type":"BreadcrumbList","@id":"https:\/\/kreutzer-modern.de\/en\/produkt\/herta-maria-witzemann-easy-chair-for-schoerle-goelz-stuttgart\/#breadcrumb","itemListElement":[{"@type":"ListItem","position":1,"name":"products","item":"https:\/\/kreutzer-modern.de\/en\/products\/"},{"@type":"ListItem","position":2,"name":"Archive","item":"https:\/\/kreutzer-modern.de\/en\/produkt-kategorie\/archive\/"},{"@type":"ListItem","position":3,"name":"Herta-Maria Witzemann, Easy Chair for Sch\u00f6rle &#038; G\u00f6lz Stuttgart"}]},{"@type":"WebSite","@id":"https:\/\/kreutzer-modern.de\/#website","url":"https:\/\/kreutzer-modern.de\/","name":"Kreutzer Furniture &amp; Design","description":"Design Classics of Modernity","potentialAction":[{"@type":"SearchAction","target":{"@type":"EntryPoint","urlTemplate":"https:\/\/kreutzer-modern.de\/?s={search_term_string}"},"query-input":"required name=search_term_string"}],"inLanguage":"en-US"}]}},"_links":{"self":[{"href":"https:\/\/kreutzer-modern.de\/en\/wp-json\/wp\/v2\/product\/30203"}],"collection":[{"href":"https:\/\/kreutzer-modern.de\/en\/wp-json\/wp\/v2\/product"}],"about":[{"href":"https:\/\/kreutzer-modern.de\/en\/wp-json\/wp\/v2\/types\/product"}],"wp:featuredmedia":[{"embeddable":true,"href":"https:\/\/kreutzer-modern.de\/en\/wp-json\/wp\/v2\/media\/30192"}],"wp:attachment":[{"href":"https:\/\/kreutzer-modern.de\/en\/wp-json\/wp\/v2\/media?parent=30203"}],"wp:term":[{"taxonomy":"product_cat","embeddable":true,"href":"https:\/\/kreutzer-modern.de\/en\/wp-json\/wp\/v2\/product_cat?post=30203"},{"taxonomy":"product_tag","embeddable":true,"href":"https:\/\/kreutzer-modern.de\/en\/wp-json\/wp\/v2\/product_tag?post=30203"}],"curies":[{"name":"wp","href":"https:\/\/api.w.org\/{rel}","templated":true}]}}