{"id":30472,"date":"2021-01-06T17:35:35","date_gmt":"2021-01-07T14:48:57","guid":{"rendered":"https:\/\/kreutzer-modern.de\/?post_type=product&#038;p=30472"},"modified":"2021-01-07T15:48:57","modified_gmt":"2021-01-07T14:48:57","slug":"series-of-6-photographs-by-rene-magritte","status":"publish","type":"product","link":"https:\/\/kreutzer-modern.de\/en\/produkt\/series-of-6-photographs-by-rene-magritte\/","title":{"rendered":"Ren\u00e9 Magritte, a series of 6 photographs"},"excerpt":{"rendered":"<p>Ren\u00e9 Magritte (1898-1967 Brussels)<br \/>The 6 photographs on Agfa baryta paper (Record Rapid matt), each bear the estate stamp of his wife Georgette Magritte on the reverse. The works were published by Griffelkunst, Hamburg (delivery 236, IV quarter 1984).<\/p>\n<p>&nbsp;<\/p>\n<p>&#8211; Die Heilige Familie (1928)<\/p>\n<p>&#8211; Lavertu recompens\u00e9e (Belohnte Tugend, 1933)<\/p>\n<p>&#8211; Le Perreux-sur-Marne: Abstieg vom Gitter (1932)<\/p>\n<p>&#8211; Gott am achten Tag (1937)<\/p>\n<p>&#8211; Wahrsagerinnen (1947)<\/p>\n<p>&#8211; K\u00f6nigin Semiramis (1947)<\/p>\n<p>&nbsp;<\/p>\n<p>Format 40,5 x 30,5<\/p>\n<p>&nbsp;<\/p>\n<p>Ren\u00e9 Magritte (1898-1967 Brussels)<br \/>Ren\u00e9 Magritte is one of the most important European artists of Surrealism. He was born in Belgium on November 21, 1898 and studied at the Brussels Acad\u00e9mie des Beaux-Arts u Ren\u00e9 Magritt from 1916 to 1918. Early on he developed a relationship with Cubism and Futurism in his work. The painting &#8220;The Song of Love (1914) by the Italian painter Giorgio de Chirco can be described as a &#8220;key image&#8221; for many of Ren\u00e9 Magritte&#8217;s works and continued to influence his artistic work. In his entire work he deals with the essence of reality. He often arranged his works through an unexpected juxtaposition of known objects. His enigmatic paintings have been associated with dream interpretations and psychoanalysis. From 1927 to 1930 Magritte lived in Paris, where he joined the Surrealist circle of artists around Andre Breton. He developed friendships with Breton, Miro, Hans Arp and Salvador Dali. His first exhibition took place in New York in 1947. The artist described the German occupation as a turning point in his creative work. &#8220;Before the war my paintings expressed fear, the experience of the war taught me that in art it is necessary to express enchantment&#8230; my works are a counterattack,&#8221; explained the artist Ren\u00e9 Magritte died in Brussels on August 15, 1967. With the title &#8220;Rene and Georgette Magritte with their Dog after the war&#8221; Paul Simon even dedicated a song to the artist and his wife.<\/p>\n<p>&nbsp;<\/p>\n<p>&nbsp;<\/p>\n","protected":false},"featured_media":30436,"template":"","meta":[],"product_cat":[102,3133],"product_tag":[],"yoast_head":"<!-- This site is optimized with the Yoast SEO plugin v20.1 - https:\/\/yoast.com\/wordpress\/plugins\/seo\/ -->\n<title>Ren\u00e9 Magritte, a series of 6 photographs - Kreutzer Furniture &amp; Design<\/title>\n<meta name=\"robots\" content=\"index, follow, max-snippet:-1, max-image-preview:large, max-video-preview:-1\" \/>\n<link rel=\"canonical\" href=\"https:\/\/kreutzer-modern.de\/en\/produkt\/series-of-6-photographs-by-rene-magritte\/\" \/>\n<meta property=\"og:locale\" content=\"en_US\" \/>\n<meta property=\"og:type\" content=\"article\" \/>\n<meta property=\"og:title\" content=\"Ren\u00e9 Magritte, a series of 6 photographs - Kreutzer Furniture &amp; Design\" \/>\n<meta property=\"og:description\" content=\"Ren\u00e9 Magritte (1898-1967 Brussels)The 6 photographs on Agfa baryta paper (Record Rapid matt), each bear the estate stamp of his wife Georgette Magritte on the reverse. The works were published by Griffelkunst, Hamburg (delivery 236, IV quarter 1984).&nbsp;- Die Heilige Familie (1928)- Lavertu recompens\u00e9e (Belohnte Tugend, 1933)- Le Perreux-sur-Marne: Abstieg vom Gitter (1932)- Gott am achten Tag (1937)- Wahrsagerinnen (1947)- K\u00f6nigin Semiramis (1947)&nbsp;Format 40,5 x 30,5&nbsp;Ren\u00e9 Magritte (1898-1967 Brussels)Ren\u00e9 Magritte is one of the most important European artists of Surrealism. He was born in Belgium on November 21, 1898 and studied at the Brussels Acad\u00e9mie des Beaux-Arts u Ren\u00e9 Magritt from 1916 to 1918. Early on he developed a relationship with Cubism and Futurism in his work. The painting &quot;The Song of Love (1914) by the Italian painter Giorgio de Chirco can be described as a &quot;key image&quot; for many of Ren\u00e9 Magritte&#039;s works and continued to influence his artistic work. In his entire work he deals with the essence of reality. He often arranged his works through an unexpected juxtaposition of known objects. His enigmatic paintings have been associated with dream interpretations and psychoanalysis. From 1927 to 1930 Magritte lived in Paris, where he joined the Surrealist circle of artists around Andre Breton. He developed friendships with Breton, Miro, Hans Arp and Salvador Dali. His first exhibition took place in New York in 1947. The artist described the German occupation as a turning point in his creative work. &quot;Before the war my paintings expressed fear, the experience of the war taught me that in art it is necessary to express enchantment... my works are a counterattack,&quot; explained the artist Ren\u00e9 Magritte died in Brussels on August 15, 1967. With the title &quot;Rene and Georgette Magritte with their Dog after the war&quot; Paul Simon even dedicated a song to the artist and his wife.&nbsp;&nbsp;\" \/>\n<meta property=\"og:url\" content=\"https:\/\/kreutzer-modern.de\/en\/produkt\/series-of-6-photographs-by-rene-magritte\/\" \/>\n<meta property=\"og:site_name\" content=\"Kreutzer Furniture &amp; Design\" \/>\n<meta property=\"og:image\" content=\"https:\/\/kreutzer-modern.de\/wp-content\/uploads\/2021\/01\/10978-2.jpg\" \/>\n\t<meta property=\"og:image:width\" content=\"2560\" \/>\n\t<meta property=\"og:image:height\" content=\"1707\" \/>\n\t<meta property=\"og:image:type\" content=\"image\/jpeg\" \/>\n<meta name=\"twitter:card\" content=\"summary_large_image\" \/>\n<script type=\"application\/ld+json\" class=\"yoast-schema-graph\">{\"@context\":\"https:\/\/schema.org\",\"@graph\":[{\"@type\":\"WebPage\",\"@id\":\"https:\/\/kreutzer-modern.de\/en\/produkt\/series-of-6-photographs-by-rene-magritte\/\",\"url\":\"https:\/\/kreutzer-modern.de\/en\/produkt\/series-of-6-photographs-by-rene-magritte\/\",\"name\":\"Ren\u00e9 Magritte, a series of 6 photographs - Kreutzer Furniture &amp; Design\",\"isPartOf\":{\"@id\":\"https:\/\/kreutzer-modern.de\/#website\"},\"datePublished\":\"2021-01-07T14:48:57+00:00\",\"dateModified\":\"2021-01-07T14:48:57+00:00\",\"breadcrumb\":{\"@id\":\"https:\/\/kreutzer-modern.de\/en\/produkt\/series-of-6-photographs-by-rene-magritte\/#breadcrumb\"},\"inLanguage\":\"en-US\",\"potentialAction\":[{\"@type\":\"ReadAction\",\"target\":[\"https:\/\/kreutzer-modern.de\/en\/produkt\/series-of-6-photographs-by-rene-magritte\/\"]}]},{\"@type\":\"BreadcrumbList\",\"@id\":\"https:\/\/kreutzer-modern.de\/en\/produkt\/series-of-6-photographs-by-rene-magritte\/#breadcrumb\",\"itemListElement\":[{\"@type\":\"ListItem\",\"position\":1,\"name\":\"products\",\"item\":\"https:\/\/kreutzer-modern.de\/en\/products\/\"},{\"@type\":\"ListItem\",\"position\":2,\"name\":\"Archive\",\"item\":\"https:\/\/kreutzer-modern.de\/en\/produkt-kategorie\/archive\/\"},{\"@type\":\"ListItem\",\"position\":3,\"name\":\"Arts\",\"item\":\"https:\/\/kreutzer-modern.de\/en\/produkt-kategorie\/archive\/arts-en\/\"},{\"@type\":\"ListItem\",\"position\":4,\"name\":\"Ren\u00e9 Magritte, a series of 6 photographs\"}]},{\"@type\":\"WebSite\",\"@id\":\"https:\/\/kreutzer-modern.de\/#website\",\"url\":\"https:\/\/kreutzer-modern.de\/\",\"name\":\"Kreutzer Furniture &amp; Design\",\"description\":\"Design Classics of Modernity\",\"potentialAction\":[{\"@type\":\"SearchAction\",\"target\":{\"@type\":\"EntryPoint\",\"urlTemplate\":\"https:\/\/kreutzer-modern.de\/?s={search_term_string}\"},\"query-input\":\"required name=search_term_string\"}],\"inLanguage\":\"en-US\"}]}<\/script>\n<!-- \/ Yoast SEO plugin. -->","yoast_head_json":{"title":"Ren\u00e9 Magritte, a series of 6 photographs - Kreutzer Furniture &amp; Design","robots":{"index":"index","follow":"follow","max-snippet":"max-snippet:-1","max-image-preview":"max-image-preview:large","max-video-preview":"max-video-preview:-1"},"canonical":"https:\/\/kreutzer-modern.de\/en\/produkt\/series-of-6-photographs-by-rene-magritte\/","og_locale":"en_US","og_type":"article","og_title":"Ren\u00e9 Magritte, a series of 6 photographs - Kreutzer Furniture &amp; Design","og_description":"Ren\u00e9 Magritte (1898-1967 Brussels)The 6 photographs on Agfa baryta paper (Record Rapid matt), each bear the estate stamp of his wife Georgette Magritte on the reverse. The works were published by Griffelkunst, Hamburg (delivery 236, IV quarter 1984).&nbsp;- Die Heilige Familie (1928)- Lavertu recompens\u00e9e (Belohnte Tugend, 1933)- Le Perreux-sur-Marne: Abstieg vom Gitter (1932)- Gott am achten Tag (1937)- Wahrsagerinnen (1947)- K\u00f6nigin Semiramis (1947)&nbsp;Format 40,5 x 30,5&nbsp;Ren\u00e9 Magritte (1898-1967 Brussels)Ren\u00e9 Magritte is one of the most important European artists of Surrealism. He was born in Belgium on November 21, 1898 and studied at the Brussels Acad\u00e9mie des Beaux-Arts u Ren\u00e9 Magritt from 1916 to 1918. Early on he developed a relationship with Cubism and Futurism in his work. The painting \"The Song of Love (1914) by the Italian painter Giorgio de Chirco can be described as a \"key image\" for many of Ren\u00e9 Magritte's works and continued to influence his artistic work. In his entire work he deals with the essence of reality. He often arranged his works through an unexpected juxtaposition of known objects. His enigmatic paintings have been associated with dream interpretations and psychoanalysis. From 1927 to 1930 Magritte lived in Paris, where he joined the Surrealist circle of artists around Andre Breton. He developed friendships with Breton, Miro, Hans Arp and Salvador Dali. His first exhibition took place in New York in 1947. The artist described the German occupation as a turning point in his creative work. \"Before the war my paintings expressed fear, the experience of the war taught me that in art it is necessary to express enchantment... my works are a counterattack,\" explained the artist Ren\u00e9 Magritte died in Brussels on August 15, 1967. With the title \"Rene and Georgette Magritte with their Dog after the war\" Paul Simon even dedicated a song to the artist and his wife.&nbsp;&nbsp;","og_url":"https:\/\/kreutzer-modern.de\/en\/produkt\/series-of-6-photographs-by-rene-magritte\/","og_site_name":"Kreutzer Furniture &amp; Design","og_image":[{"width":2560,"height":1707,"url":"https:\/\/kreutzer-modern.de\/wp-content\/uploads\/2021\/01\/10978-2.jpg","type":"image\/jpeg"}],"twitter_card":"summary_large_image","schema":{"@context":"https:\/\/schema.org","@graph":[{"@type":"WebPage","@id":"https:\/\/kreutzer-modern.de\/en\/produkt\/series-of-6-photographs-by-rene-magritte\/","url":"https:\/\/kreutzer-modern.de\/en\/produkt\/series-of-6-photographs-by-rene-magritte\/","name":"Ren\u00e9 Magritte, a series of 6 photographs - Kreutzer Furniture &amp; Design","isPartOf":{"@id":"https:\/\/kreutzer-modern.de\/#website"},"datePublished":"2021-01-07T14:48:57+00:00","dateModified":"2021-01-07T14:48:57+00:00","breadcrumb":{"@id":"https:\/\/kreutzer-modern.de\/en\/produkt\/series-of-6-photographs-by-rene-magritte\/#breadcrumb"},"inLanguage":"en-US","potentialAction":[{"@type":"ReadAction","target":["https:\/\/kreutzer-modern.de\/en\/produkt\/series-of-6-photographs-by-rene-magritte\/"]}]},{"@type":"BreadcrumbList","@id":"https:\/\/kreutzer-modern.de\/en\/produkt\/series-of-6-photographs-by-rene-magritte\/#breadcrumb","itemListElement":[{"@type":"ListItem","position":1,"name":"products","item":"https:\/\/kreutzer-modern.de\/en\/products\/"},{"@type":"ListItem","position":2,"name":"Archive","item":"https:\/\/kreutzer-modern.de\/en\/produkt-kategorie\/archive\/"},{"@type":"ListItem","position":3,"name":"Arts","item":"https:\/\/kreutzer-modern.de\/en\/produkt-kategorie\/archive\/arts-en\/"},{"@type":"ListItem","position":4,"name":"Ren\u00e9 Magritte, a series of 6 photographs"}]},{"@type":"WebSite","@id":"https:\/\/kreutzer-modern.de\/#website","url":"https:\/\/kreutzer-modern.de\/","name":"Kreutzer Furniture &amp; Design","description":"Design Classics of Modernity","potentialAction":[{"@type":"SearchAction","target":{"@type":"EntryPoint","urlTemplate":"https:\/\/kreutzer-modern.de\/?s={search_term_string}"},"query-input":"required name=search_term_string"}],"inLanguage":"en-US"}]}},"_links":{"self":[{"href":"https:\/\/kreutzer-modern.de\/en\/wp-json\/wp\/v2\/product\/30472"}],"collection":[{"href":"https:\/\/kreutzer-modern.de\/en\/wp-json\/wp\/v2\/product"}],"about":[{"href":"https:\/\/kreutzer-modern.de\/en\/wp-json\/wp\/v2\/types\/product"}],"wp:featuredmedia":[{"embeddable":true,"href":"https:\/\/kreutzer-modern.de\/en\/wp-json\/wp\/v2\/media\/30436"}],"wp:attachment":[{"href":"https:\/\/kreutzer-modern.de\/en\/wp-json\/wp\/v2\/media?parent=30472"}],"wp:term":[{"taxonomy":"product_cat","embeddable":true,"href":"https:\/\/kreutzer-modern.de\/en\/wp-json\/wp\/v2\/product_cat?post=30472"},{"taxonomy":"product_tag","embeddable":true,"href":"https:\/\/kreutzer-modern.de\/en\/wp-json\/wp\/v2\/product_tag?post=30472"}],"curies":[{"name":"wp","href":"https:\/\/api.w.org\/{rel}","templated":true}]}}