{"id":31892,"date":"2022-06-07T10:03:32","date_gmt":"2022-06-07T10:21:51","guid":{"rendered":"https:\/\/kreutzer-modern.de\/?post_type=product&#038;p=31892"},"modified":"2022-08-04T14:00:21","modified_gmt":"2022-08-04T12:00:21","slug":"rudolf-kaemmer-acrylic-on-canvas-1971","status":"publish","type":"product","link":"https:\/\/kreutzer-modern.de\/en\/produkt\/rudolf-kaemmer-acrylic-on-canvas-1971\/","title":{"rendered":"Rudolf K\u00e4mmer, acrylic on canvas, 1971"},"excerpt":{"rendered":"<p>Rudolf K\u00e4mmer (1935-2021)<\/p>\n<p>Untitled, acrylic on canvas Verso signed on stretcher<\/p>\n<p>signed: Rudolf K\u00e4mmer and dated: 1971 (black fibre pencil)<\/p>\n<p>&nbsp;<\/p>\n<p>Rudolf K\u00e4mmer belonged to the representatives of Optical Art (Op Art) who oriented themselves in the 1960s to the experimental traditions and movements of the Bauhaus and was one of the founders of geometric, concrete and constructivist art.<\/p>\n<p>With his works, Rudolf K\u00e4mmer stimulated the perceptual behaviour of the viewer by challenging him to question and influence the work through attentive visual behaviour.<\/p>\n<p>His work concepts (colour reliefs, revolving web paintings, light kinetic objects, tilting flap paintings or linear dot structures) are unique documents of an artist who had a decisive influence on the contemporary art movements of the 1960s.<\/p>\n<p>The present work is highly representative of the artist&#8217;s sophisticated oeuvre and invites us to activate our own sensory perceptions.<\/p>\n<p>W 161 H 161 D 7.5<\/p>\n<p>&nbsp;<\/p>\n<p>&nbsp;<\/p>\n<p><strong>Provenance:<\/strong><br \/>From the artist&#8217;s studio<\/p>\n<p>&nbsp;<\/p>\n","protected":false},"featured_media":31971,"template":"","meta":[],"product_cat":[3964,167],"product_tag":[],"yoast_head":"<!-- This site is optimized with the Yoast SEO plugin v20.1 - https:\/\/yoast.com\/wordpress\/plugins\/seo\/ -->\n<title>Rudolf K\u00e4mmer, acrylic on canvas, 1971 - Kreutzer Furniture &amp; Design<\/title>\n<meta name=\"robots\" content=\"index, follow, max-snippet:-1, max-image-preview:large, max-video-preview:-1\" \/>\n<link rel=\"canonical\" href=\"https:\/\/kreutzer-modern.de\/en\/produkt\/rudolf-kaemmer-acrylic-on-canvas-1971\/\" \/>\n<meta property=\"og:locale\" content=\"en_US\" \/>\n<meta property=\"og:type\" content=\"article\" \/>\n<meta property=\"og:title\" content=\"Rudolf K\u00e4mmer, acrylic on canvas, 1971 - Kreutzer Furniture &amp; Design\" \/>\n<meta property=\"og:description\" content=\"Rudolf K\u00e4mmer (1935-2021)Untitled, acrylic on canvas Verso signed on stretchersigned: Rudolf K\u00e4mmer and dated: 1971 (black fibre pencil)&nbsp;Rudolf K\u00e4mmer belonged to the representatives of Optical Art (Op Art) who oriented themselves in the 1960s to the experimental traditions and movements of the Bauhaus and was one of the founders of geometric, concrete and constructivist art.With his works, Rudolf K\u00e4mmer stimulated the perceptual behaviour of the viewer by challenging him to question and influence the work through attentive visual behaviour.His work concepts (colour reliefs, revolving web paintings, light kinetic objects, tilting flap paintings or linear dot structures) are unique documents of an artist who had a decisive influence on the contemporary art movements of the 1960s.The present work is highly representative of the artist&#039;s sophisticated oeuvre and invites us to activate our own sensory perceptions.W 161 H 161 D 7.5&nbsp;&nbsp;Provenance:From the artist&#039;s studio&nbsp;\" \/>\n<meta property=\"og:url\" content=\"https:\/\/kreutzer-modern.de\/en\/produkt\/rudolf-kaemmer-acrylic-on-canvas-1971\/\" \/>\n<meta property=\"og:site_name\" content=\"Kreutzer Furniture &amp; Design\" \/>\n<meta property=\"article:modified_time\" content=\"2022-08-04T12:00:21+00:00\" \/>\n<meta property=\"og:image\" content=\"https:\/\/kreutzer-modern.de\/wp-content\/uploads\/2022\/06\/P1179329.jpg\" \/>\n\t<meta property=\"og:image:width\" content=\"2000\" \/>\n\t<meta property=\"og:image:height\" content=\"2000\" \/>\n\t<meta property=\"og:image:type\" content=\"image\/jpeg\" \/>\n<meta name=\"twitter:card\" content=\"summary_large_image\" \/>\n<script type=\"application\/ld+json\" class=\"yoast-schema-graph\">{\"@context\":\"https:\/\/schema.org\",\"@graph\":[{\"@type\":\"WebPage\",\"@id\":\"https:\/\/kreutzer-modern.de\/en\/produkt\/rudolf-kaemmer-acrylic-on-canvas-1971\/\",\"url\":\"https:\/\/kreutzer-modern.de\/en\/produkt\/rudolf-kaemmer-acrylic-on-canvas-1971\/\",\"name\":\"Rudolf K\u00e4mmer, acrylic on canvas, 1971 - Kreutzer Furniture &amp; Design\",\"isPartOf\":{\"@id\":\"https:\/\/kreutzer-modern.de\/#website\"},\"datePublished\":\"2022-06-07T10:21:51+00:00\",\"dateModified\":\"2022-08-04T12:00:21+00:00\",\"breadcrumb\":{\"@id\":\"https:\/\/kreutzer-modern.de\/en\/produkt\/rudolf-kaemmer-acrylic-on-canvas-1971\/#breadcrumb\"},\"inLanguage\":\"en-US\",\"potentialAction\":[{\"@type\":\"ReadAction\",\"target\":[\"https:\/\/kreutzer-modern.de\/en\/produkt\/rudolf-kaemmer-acrylic-on-canvas-1971\/\"]}]},{\"@type\":\"BreadcrumbList\",\"@id\":\"https:\/\/kreutzer-modern.de\/en\/produkt\/rudolf-kaemmer-acrylic-on-canvas-1971\/#breadcrumb\",\"itemListElement\":[{\"@type\":\"ListItem\",\"position\":1,\"name\":\"products\",\"item\":\"https:\/\/kreutzer-modern.de\/en\/products\/\"},{\"@type\":\"ListItem\",\"position\":2,\"name\":\"Alle\",\"item\":\"https:\/\/kreutzer-modern.de\/en\/produkt-kategorie\/alle-en\/\"},{\"@type\":\"ListItem\",\"position\":3,\"name\":\"Rudolf K\u00e4mmer, acrylic on canvas, 1971\"}]},{\"@type\":\"WebSite\",\"@id\":\"https:\/\/kreutzer-modern.de\/#website\",\"url\":\"https:\/\/kreutzer-modern.de\/\",\"name\":\"Kreutzer Furniture &amp; Design\",\"description\":\"Design Classics of Modernity\",\"potentialAction\":[{\"@type\":\"SearchAction\",\"target\":{\"@type\":\"EntryPoint\",\"urlTemplate\":\"https:\/\/kreutzer-modern.de\/?s={search_term_string}\"},\"query-input\":\"required name=search_term_string\"}],\"inLanguage\":\"en-US\"}]}<\/script>\n<!-- \/ Yoast SEO plugin. -->","yoast_head_json":{"title":"Rudolf K\u00e4mmer, acrylic on canvas, 1971 - Kreutzer Furniture &amp; Design","robots":{"index":"index","follow":"follow","max-snippet":"max-snippet:-1","max-image-preview":"max-image-preview:large","max-video-preview":"max-video-preview:-1"},"canonical":"https:\/\/kreutzer-modern.de\/en\/produkt\/rudolf-kaemmer-acrylic-on-canvas-1971\/","og_locale":"en_US","og_type":"article","og_title":"Rudolf K\u00e4mmer, acrylic on canvas, 1971 - Kreutzer Furniture &amp; Design","og_description":"Rudolf K\u00e4mmer (1935-2021)Untitled, acrylic on canvas Verso signed on stretchersigned: Rudolf K\u00e4mmer and dated: 1971 (black fibre pencil)&nbsp;Rudolf K\u00e4mmer belonged to the representatives of Optical Art (Op Art) who oriented themselves in the 1960s to the experimental traditions and movements of the Bauhaus and was one of the founders of geometric, concrete and constructivist art.With his works, Rudolf K\u00e4mmer stimulated the perceptual behaviour of the viewer by challenging him to question and influence the work through attentive visual behaviour.His work concepts (colour reliefs, revolving web paintings, light kinetic objects, tilting flap paintings or linear dot structures) are unique documents of an artist who had a decisive influence on the contemporary art movements of the 1960s.The present work is highly representative of the artist's sophisticated oeuvre and invites us to activate our own sensory perceptions.W 161 H 161 D 7.5&nbsp;&nbsp;Provenance:From the artist's studio&nbsp;","og_url":"https:\/\/kreutzer-modern.de\/en\/produkt\/rudolf-kaemmer-acrylic-on-canvas-1971\/","og_site_name":"Kreutzer Furniture &amp; Design","article_modified_time":"2022-08-04T12:00:21+00:00","og_image":[{"width":2000,"height":2000,"url":"https:\/\/kreutzer-modern.de\/wp-content\/uploads\/2022\/06\/P1179329.jpg","type":"image\/jpeg"}],"twitter_card":"summary_large_image","schema":{"@context":"https:\/\/schema.org","@graph":[{"@type":"WebPage","@id":"https:\/\/kreutzer-modern.de\/en\/produkt\/rudolf-kaemmer-acrylic-on-canvas-1971\/","url":"https:\/\/kreutzer-modern.de\/en\/produkt\/rudolf-kaemmer-acrylic-on-canvas-1971\/","name":"Rudolf K\u00e4mmer, acrylic on canvas, 1971 - Kreutzer Furniture &amp; Design","isPartOf":{"@id":"https:\/\/kreutzer-modern.de\/#website"},"datePublished":"2022-06-07T10:21:51+00:00","dateModified":"2022-08-04T12:00:21+00:00","breadcrumb":{"@id":"https:\/\/kreutzer-modern.de\/en\/produkt\/rudolf-kaemmer-acrylic-on-canvas-1971\/#breadcrumb"},"inLanguage":"en-US","potentialAction":[{"@type":"ReadAction","target":["https:\/\/kreutzer-modern.de\/en\/produkt\/rudolf-kaemmer-acrylic-on-canvas-1971\/"]}]},{"@type":"BreadcrumbList","@id":"https:\/\/kreutzer-modern.de\/en\/produkt\/rudolf-kaemmer-acrylic-on-canvas-1971\/#breadcrumb","itemListElement":[{"@type":"ListItem","position":1,"name":"products","item":"https:\/\/kreutzer-modern.de\/en\/products\/"},{"@type":"ListItem","position":2,"name":"Alle","item":"https:\/\/kreutzer-modern.de\/en\/produkt-kategorie\/alle-en\/"},{"@type":"ListItem","position":3,"name":"Rudolf K\u00e4mmer, acrylic on canvas, 1971"}]},{"@type":"WebSite","@id":"https:\/\/kreutzer-modern.de\/#website","url":"https:\/\/kreutzer-modern.de\/","name":"Kreutzer Furniture &amp; Design","description":"Design Classics of Modernity","potentialAction":[{"@type":"SearchAction","target":{"@type":"EntryPoint","urlTemplate":"https:\/\/kreutzer-modern.de\/?s={search_term_string}"},"query-input":"required name=search_term_string"}],"inLanguage":"en-US"}]}},"_links":{"self":[{"href":"https:\/\/kreutzer-modern.de\/en\/wp-json\/wp\/v2\/product\/31892"}],"collection":[{"href":"https:\/\/kreutzer-modern.de\/en\/wp-json\/wp\/v2\/product"}],"about":[{"href":"https:\/\/kreutzer-modern.de\/en\/wp-json\/wp\/v2\/types\/product"}],"wp:featuredmedia":[{"embeddable":true,"href":"https:\/\/kreutzer-modern.de\/en\/wp-json\/wp\/v2\/media\/31971"}],"wp:attachment":[{"href":"https:\/\/kreutzer-modern.de\/en\/wp-json\/wp\/v2\/media?parent=31892"}],"wp:term":[{"taxonomy":"product_cat","embeddable":true,"href":"https:\/\/kreutzer-modern.de\/en\/wp-json\/wp\/v2\/product_cat?post=31892"},{"taxonomy":"product_tag","embeddable":true,"href":"https:\/\/kreutzer-modern.de\/en\/wp-json\/wp\/v2\/product_tag?post=31892"}],"curies":[{"name":"wp","href":"https:\/\/api.w.org\/{rel}","templated":true}]}}