{"id":31939,"date":"2022-06-16T17:19:07","date_gmt":"2022-06-16T15:35:49","guid":{"rendered":"https:\/\/kreutzer-modern.de\/?post_type=product&#038;p=31939"},"modified":"2022-06-16T17:35:49","modified_gmt":"2022-06-16T15:35:49","slug":"niels-otto-moeller-a-set-of-2-arm-chairs-and-4-chairs-for-j-l-moellers","status":"publish","type":"product","link":"https:\/\/kreutzer-modern.de\/en\/produkt\/niels-otto-moeller-a-set-of-2-arm-chairs-and-4-chairs-for-j-l-moellers\/","title":{"rendered":"Niels Otto M\u00f8ller, a set of 2 arm chairs and 4 chairs for J.L. M\u00f8llers"},"excerpt":{"rendered":"<p>Niels Otto M\u00f8ller, a set of 2 arm chairs and 4 chairs for J.L. M\u00f8llers in teak.<\/p>\n<p>Seat made in paper cord.<\/p>\n<p>Signed on the bottom of the frame.<\/p>\n<p>&nbsp;<\/p>\n<p>Chairs \u00a0 \u00a0 \u00a0 D 48 W 50 H 85<\/p>\n<p>Armchair\u00a0 D 52 W 58 H 85<\/p>\n","protected":false},"featured_media":31901,"template":"","meta":[],"product_cat":[4165,102],"product_tag":[],"yoast_head":"<!-- This site is optimized with the Yoast SEO plugin v20.1 - https:\/\/yoast.com\/wordpress\/plugins\/seo\/ -->\n<title>Niels Otto M\u00f8ller, a set of 2 arm chairs and 4 chairs for J.L. M\u00f8llers - Kreutzer Furniture &amp; Design<\/title>\n<meta name=\"robots\" content=\"index, follow, max-snippet:-1, max-image-preview:large, max-video-preview:-1\" \/>\n<link rel=\"canonical\" href=\"https:\/\/kreutzer-modern.de\/en\/produkt\/niels-otto-moeller-a-set-of-2-arm-chairs-and-4-chairs-for-j-l-moellers\/\" \/>\n<meta property=\"og:locale\" content=\"en_US\" \/>\n<meta property=\"og:type\" content=\"article\" \/>\n<meta property=\"og:title\" content=\"Niels Otto M\u00f8ller, a set of 2 arm chairs and 4 chairs for J.L. M\u00f8llers - Kreutzer Furniture &amp; Design\" \/>\n<meta property=\"og:description\" content=\"Niels Otto M\u00f8ller, a set of 2 arm chairs and 4 chairs for J.L. M\u00f8llers in teak.Seat made in paper cord.Signed on the bottom of the frame.&nbsp;Chairs \u00a0 \u00a0 \u00a0 D 48 W 50 H 85Armchair\u00a0 D 52 W 58 H 85\" \/>\n<meta property=\"og:url\" content=\"https:\/\/kreutzer-modern.de\/en\/produkt\/niels-otto-moeller-a-set-of-2-arm-chairs-and-4-chairs-for-j-l-moellers\/\" \/>\n<meta property=\"og:site_name\" content=\"Kreutzer Furniture &amp; Design\" \/>\n<meta property=\"og:image\" content=\"https:\/\/kreutzer-modern.de\/wp-content\/uploads\/2022\/06\/P1179074.jpg\" \/>\n\t<meta property=\"og:image:width\" content=\"2000\" \/>\n\t<meta property=\"og:image:height\" content=\"2000\" \/>\n\t<meta property=\"og:image:type\" content=\"image\/jpeg\" \/>\n<meta name=\"twitter:card\" content=\"summary_large_image\" \/>\n<script type=\"application\/ld+json\" class=\"yoast-schema-graph\">{\"@context\":\"https:\/\/schema.org\",\"@graph\":[{\"@type\":\"WebPage\",\"@id\":\"https:\/\/kreutzer-modern.de\/en\/produkt\/niels-otto-moeller-a-set-of-2-arm-chairs-and-4-chairs-for-j-l-moellers\/\",\"url\":\"https:\/\/kreutzer-modern.de\/en\/produkt\/niels-otto-moeller-a-set-of-2-arm-chairs-and-4-chairs-for-j-l-moellers\/\",\"name\":\"Niels Otto M\u00f8ller, a set of 2 arm chairs and 4 chairs for J.L. M\u00f8llers - Kreutzer Furniture &amp; Design\",\"isPartOf\":{\"@id\":\"https:\/\/kreutzer-modern.de\/#website\"},\"datePublished\":\"2022-06-16T15:35:49+00:00\",\"dateModified\":\"2022-06-16T15:35:49+00:00\",\"breadcrumb\":{\"@id\":\"https:\/\/kreutzer-modern.de\/en\/produkt\/niels-otto-moeller-a-set-of-2-arm-chairs-and-4-chairs-for-j-l-moellers\/#breadcrumb\"},\"inLanguage\":\"en-US\",\"potentialAction\":[{\"@type\":\"ReadAction\",\"target\":[\"https:\/\/kreutzer-modern.de\/en\/produkt\/niels-otto-moeller-a-set-of-2-arm-chairs-and-4-chairs-for-j-l-moellers\/\"]}]},{\"@type\":\"BreadcrumbList\",\"@id\":\"https:\/\/kreutzer-modern.de\/en\/produkt\/niels-otto-moeller-a-set-of-2-arm-chairs-and-4-chairs-for-j-l-moellers\/#breadcrumb\",\"itemListElement\":[{\"@type\":\"ListItem\",\"position\":1,\"name\":\"products\",\"item\":\"https:\/\/kreutzer-modern.de\/en\/products\/\"},{\"@type\":\"ListItem\",\"position\":2,\"name\":\"Archive\",\"item\":\"https:\/\/kreutzer-modern.de\/en\/produkt-kategorie\/archive\/\"},{\"@type\":\"ListItem\",\"position\":3,\"name\":\"Sitzen\",\"item\":\"https:\/\/kreutzer-modern.de\/en\/produkt-kategorie\/sitzen-en\/\"},{\"@type\":\"ListItem\",\"position\":4,\"name\":\"Niels Otto M\u00f8ller, a set of 2 arm chairs and 4 chairs for J.L. M\u00f8llers\"}]},{\"@type\":\"WebSite\",\"@id\":\"https:\/\/kreutzer-modern.de\/#website\",\"url\":\"https:\/\/kreutzer-modern.de\/\",\"name\":\"Kreutzer Furniture &amp; Design\",\"description\":\"Design Classics of Modernity\",\"potentialAction\":[{\"@type\":\"SearchAction\",\"target\":{\"@type\":\"EntryPoint\",\"urlTemplate\":\"https:\/\/kreutzer-modern.de\/?s={search_term_string}\"},\"query-input\":\"required name=search_term_string\"}],\"inLanguage\":\"en-US\"}]}<\/script>\n<!-- \/ Yoast SEO plugin. -->","yoast_head_json":{"title":"Niels Otto M\u00f8ller, a set of 2 arm chairs and 4 chairs for J.L. M\u00f8llers - Kreutzer Furniture &amp; Design","robots":{"index":"index","follow":"follow","max-snippet":"max-snippet:-1","max-image-preview":"max-image-preview:large","max-video-preview":"max-video-preview:-1"},"canonical":"https:\/\/kreutzer-modern.de\/en\/produkt\/niels-otto-moeller-a-set-of-2-arm-chairs-and-4-chairs-for-j-l-moellers\/","og_locale":"en_US","og_type":"article","og_title":"Niels Otto M\u00f8ller, a set of 2 arm chairs and 4 chairs for J.L. M\u00f8llers - Kreutzer Furniture &amp; Design","og_description":"Niels Otto M\u00f8ller, a set of 2 arm chairs and 4 chairs for J.L. M\u00f8llers in teak.Seat made in paper cord.Signed on the bottom of the frame.&nbsp;Chairs \u00a0 \u00a0 \u00a0 D 48 W 50 H 85Armchair\u00a0 D 52 W 58 H 85","og_url":"https:\/\/kreutzer-modern.de\/en\/produkt\/niels-otto-moeller-a-set-of-2-arm-chairs-and-4-chairs-for-j-l-moellers\/","og_site_name":"Kreutzer Furniture &amp; Design","og_image":[{"width":2000,"height":2000,"url":"https:\/\/kreutzer-modern.de\/wp-content\/uploads\/2022\/06\/P1179074.jpg","type":"image\/jpeg"}],"twitter_card":"summary_large_image","schema":{"@context":"https:\/\/schema.org","@graph":[{"@type":"WebPage","@id":"https:\/\/kreutzer-modern.de\/en\/produkt\/niels-otto-moeller-a-set-of-2-arm-chairs-and-4-chairs-for-j-l-moellers\/","url":"https:\/\/kreutzer-modern.de\/en\/produkt\/niels-otto-moeller-a-set-of-2-arm-chairs-and-4-chairs-for-j-l-moellers\/","name":"Niels Otto M\u00f8ller, a set of 2 arm chairs and 4 chairs for J.L. M\u00f8llers - Kreutzer Furniture &amp; Design","isPartOf":{"@id":"https:\/\/kreutzer-modern.de\/#website"},"datePublished":"2022-06-16T15:35:49+00:00","dateModified":"2022-06-16T15:35:49+00:00","breadcrumb":{"@id":"https:\/\/kreutzer-modern.de\/en\/produkt\/niels-otto-moeller-a-set-of-2-arm-chairs-and-4-chairs-for-j-l-moellers\/#breadcrumb"},"inLanguage":"en-US","potentialAction":[{"@type":"ReadAction","target":["https:\/\/kreutzer-modern.de\/en\/produkt\/niels-otto-moeller-a-set-of-2-arm-chairs-and-4-chairs-for-j-l-moellers\/"]}]},{"@type":"BreadcrumbList","@id":"https:\/\/kreutzer-modern.de\/en\/produkt\/niels-otto-moeller-a-set-of-2-arm-chairs-and-4-chairs-for-j-l-moellers\/#breadcrumb","itemListElement":[{"@type":"ListItem","position":1,"name":"products","item":"https:\/\/kreutzer-modern.de\/en\/products\/"},{"@type":"ListItem","position":2,"name":"Archive","item":"https:\/\/kreutzer-modern.de\/en\/produkt-kategorie\/archive\/"},{"@type":"ListItem","position":3,"name":"Sitzen","item":"https:\/\/kreutzer-modern.de\/en\/produkt-kategorie\/sitzen-en\/"},{"@type":"ListItem","position":4,"name":"Niels Otto M\u00f8ller, a set of 2 arm chairs and 4 chairs for J.L. M\u00f8llers"}]},{"@type":"WebSite","@id":"https:\/\/kreutzer-modern.de\/#website","url":"https:\/\/kreutzer-modern.de\/","name":"Kreutzer Furniture &amp; Design","description":"Design Classics of Modernity","potentialAction":[{"@type":"SearchAction","target":{"@type":"EntryPoint","urlTemplate":"https:\/\/kreutzer-modern.de\/?s={search_term_string}"},"query-input":"required name=search_term_string"}],"inLanguage":"en-US"}]}},"_links":{"self":[{"href":"https:\/\/kreutzer-modern.de\/en\/wp-json\/wp\/v2\/product\/31939"}],"collection":[{"href":"https:\/\/kreutzer-modern.de\/en\/wp-json\/wp\/v2\/product"}],"about":[{"href":"https:\/\/kreutzer-modern.de\/en\/wp-json\/wp\/v2\/types\/product"}],"wp:featuredmedia":[{"embeddable":true,"href":"https:\/\/kreutzer-modern.de\/en\/wp-json\/wp\/v2\/media\/31901"}],"wp:attachment":[{"href":"https:\/\/kreutzer-modern.de\/en\/wp-json\/wp\/v2\/media?parent=31939"}],"wp:term":[{"taxonomy":"product_cat","embeddable":true,"href":"https:\/\/kreutzer-modern.de\/en\/wp-json\/wp\/v2\/product_cat?post=31939"},{"taxonomy":"product_tag","embeddable":true,"href":"https:\/\/kreutzer-modern.de\/en\/wp-json\/wp\/v2\/product_tag?post=31939"}],"curies":[{"name":"wp","href":"https:\/\/api.w.org\/{rel}","templated":true}]}}