{"id":32657,"date":"2023-01-28T21:11:09","date_gmt":"2023-01-30T18:45:00","guid":{"rendered":"https:\/\/kreutzer-modern.de\/?post_type=product&#038;p=32657"},"modified":"2024-08-01T13:57:48","modified_gmt":"2024-08-01T11:57:48","slug":"jean-prouve-rare-height-adjustable-swivel-stool1954","status":"publish","type":"product","link":"https:\/\/kreutzer-modern.de\/en\/produkt\/jean-prouve-rare-height-adjustable-swivel-stool1954\/","title":{"rendered":"Jean Prouv\u00e9, rare height adjustable swivel stool, 1954"},"excerpt":{"rendered":"<p>The color of the stool and the texture of the seat is the originals.<\/p>\n<p>First known mention of the stool comes from the book by Jacques Barsac &#8220;Charlotte Perriand, l&#8217;oeuvre compl\u00e8te. vol 3, p. 319&#8221;.<\/p>\n<p>Here the stool is pictured in Charlotte Perriand&#8217;s office in Paris with backrest.<\/p>\n<p>Inscribed: Prototype d\u00b4un si\u00e8ge tournant de Jean Prouv\u00e9, 1952.<\/p>\n<p>Furthermore, a hand-drawn plan of the stool with backrest. Inscribed Atelier Jean Prouv\u00e9.<\/p>\n<p>This plan is available for inspection.<\/p>\n<p>Also the stool is named in &#8220;Jean Prouv\u00e9 Complete Works &#8211; Peter Sulzer (vol 3, p. 258)&#8221;.<\/p>\n<p>The stool offered here is the example of originally two stools.<\/p>\n<p>The first one was auctioned on November 2nd, 2022 through Philips in London.<\/p>\n<p>&nbsp;<\/p>\n<p>H 66 D 44<\/p>\n","protected":false},"featured_media":32594,"template":"","meta":[],"product_cat":[4165,102],"product_tag":[],"yoast_head":"<!-- This site is optimized with the Yoast SEO plugin v20.1 - https:\/\/yoast.com\/wordpress\/plugins\/seo\/ -->\n<title>Jean Prouv\u00e9, rare height adjustable swivel stool, 1954 - Kreutzer Furniture &amp; Design<\/title>\n<meta name=\"robots\" content=\"index, follow, max-snippet:-1, max-image-preview:large, max-video-preview:-1\" \/>\n<link rel=\"canonical\" href=\"https:\/\/kreutzer-modern.de\/en\/produkt\/jean-prouve-rare-height-adjustable-swivel-stool1954\/\" \/>\n<meta property=\"og:locale\" content=\"en_US\" \/>\n<meta property=\"og:type\" content=\"article\" \/>\n<meta property=\"og:title\" content=\"Jean Prouv\u00e9, rare height adjustable swivel stool, 1954 - Kreutzer Furniture &amp; Design\" \/>\n<meta property=\"og:description\" content=\"The color of the stool and the texture of the seat is the originals.  First known mention of the stool comes from the book by Jacques Barsac &quot;Charlotte Perriand, l&#039;oeuvre compl\u00e8te. vol 3, p. 319&quot;.  Here the stool is pictured in Charlotte Perriand&#039;s office in Paris with backrest.  Inscribed: Prototype d\u00b4un si\u00e8ge tournant de Jean Prouv\u00e9, 1952.  Furthermore, a hand-drawn plan of the stool with backrest. Inscribed Atelier Jean Prouv\u00e9.  This plan is available for inspection.  Also the stool is named in &quot;Jean Prouv\u00e9 Complete Works - Peter Sulzer (vol 3, p. 258)&quot;.  The stool offered here is the example of originally two stools.  The first one was auctioned on November 2nd, 2022 through Philips in London.  &nbsp;  H 66 D 44\" \/>\n<meta property=\"og:url\" content=\"https:\/\/kreutzer-modern.de\/en\/produkt\/jean-prouve-rare-height-adjustable-swivel-stool1954\/\" \/>\n<meta property=\"og:site_name\" content=\"Kreutzer Furniture &amp; Design\" \/>\n<meta property=\"article:modified_time\" content=\"2024-08-01T11:57:48+00:00\" \/>\n<meta property=\"og:image\" content=\"https:\/\/kreutzer-modern.de\/wp-content\/uploads\/2023\/01\/P1181308.jpg\" \/>\n\t<meta property=\"og:image:width\" content=\"2000\" \/>\n\t<meta property=\"og:image:height\" content=\"2000\" \/>\n\t<meta property=\"og:image:type\" content=\"image\/jpeg\" \/>\n<meta name=\"twitter:card\" content=\"summary_large_image\" \/>\n<script type=\"application\/ld+json\" class=\"yoast-schema-graph\">{\"@context\":\"https:\/\/schema.org\",\"@graph\":[{\"@type\":\"WebPage\",\"@id\":\"https:\/\/kreutzer-modern.de\/en\/produkt\/jean-prouve-rare-height-adjustable-swivel-stool1954\/\",\"url\":\"https:\/\/kreutzer-modern.de\/en\/produkt\/jean-prouve-rare-height-adjustable-swivel-stool1954\/\",\"name\":\"Jean Prouv\u00e9, rare height adjustable swivel stool, 1954 - Kreutzer Furniture &amp; Design\",\"isPartOf\":{\"@id\":\"https:\/\/kreutzer-modern.de\/#website\"},\"datePublished\":\"2023-01-30T18:45:00+00:00\",\"dateModified\":\"2024-08-01T11:57:48+00:00\",\"breadcrumb\":{\"@id\":\"https:\/\/kreutzer-modern.de\/en\/produkt\/jean-prouve-rare-height-adjustable-swivel-stool1954\/#breadcrumb\"},\"inLanguage\":\"en-US\",\"potentialAction\":[{\"@type\":\"ReadAction\",\"target\":[\"https:\/\/kreutzer-modern.de\/en\/produkt\/jean-prouve-rare-height-adjustable-swivel-stool1954\/\"]}]},{\"@type\":\"BreadcrumbList\",\"@id\":\"https:\/\/kreutzer-modern.de\/en\/produkt\/jean-prouve-rare-height-adjustable-swivel-stool1954\/#breadcrumb\",\"itemListElement\":[{\"@type\":\"ListItem\",\"position\":1,\"name\":\"products\",\"item\":\"https:\/\/kreutzer-modern.de\/en\/products\/\"},{\"@type\":\"ListItem\",\"position\":2,\"name\":\"Archive\",\"item\":\"https:\/\/kreutzer-modern.de\/en\/produkt-kategorie\/archive\/\"},{\"@type\":\"ListItem\",\"position\":3,\"name\":\"Sitzen\",\"item\":\"https:\/\/kreutzer-modern.de\/en\/produkt-kategorie\/sitzen-en\/\"},{\"@type\":\"ListItem\",\"position\":4,\"name\":\"Jean Prouv\u00e9, rare height adjustable swivel stool, 1954\"}]},{\"@type\":\"WebSite\",\"@id\":\"https:\/\/kreutzer-modern.de\/#website\",\"url\":\"https:\/\/kreutzer-modern.de\/\",\"name\":\"Kreutzer Furniture &amp; Design\",\"description\":\"Design Classics of Modernity\",\"potentialAction\":[{\"@type\":\"SearchAction\",\"target\":{\"@type\":\"EntryPoint\",\"urlTemplate\":\"https:\/\/kreutzer-modern.de\/?s={search_term_string}\"},\"query-input\":\"required name=search_term_string\"}],\"inLanguage\":\"en-US\"}]}<\/script>\n<!-- \/ Yoast SEO plugin. -->","yoast_head_json":{"title":"Jean Prouv\u00e9, rare height adjustable swivel stool, 1954 - Kreutzer Furniture &amp; Design","robots":{"index":"index","follow":"follow","max-snippet":"max-snippet:-1","max-image-preview":"max-image-preview:large","max-video-preview":"max-video-preview:-1"},"canonical":"https:\/\/kreutzer-modern.de\/en\/produkt\/jean-prouve-rare-height-adjustable-swivel-stool1954\/","og_locale":"en_US","og_type":"article","og_title":"Jean Prouv\u00e9, rare height adjustable swivel stool, 1954 - Kreutzer Furniture &amp; Design","og_description":"The color of the stool and the texture of the seat is the originals.  First known mention of the stool comes from the book by Jacques Barsac \"Charlotte Perriand, l'oeuvre compl\u00e8te. vol 3, p. 319\".  Here the stool is pictured in Charlotte Perriand's office in Paris with backrest.  Inscribed: Prototype d\u00b4un si\u00e8ge tournant de Jean Prouv\u00e9, 1952.  Furthermore, a hand-drawn plan of the stool with backrest. Inscribed Atelier Jean Prouv\u00e9.  This plan is available for inspection.  Also the stool is named in \"Jean Prouv\u00e9 Complete Works - Peter Sulzer (vol 3, p. 258)\".  The stool offered here is the example of originally two stools.  The first one was auctioned on November 2nd, 2022 through Philips in London.  &nbsp;  H 66 D 44","og_url":"https:\/\/kreutzer-modern.de\/en\/produkt\/jean-prouve-rare-height-adjustable-swivel-stool1954\/","og_site_name":"Kreutzer Furniture &amp; Design","article_modified_time":"2024-08-01T11:57:48+00:00","og_image":[{"width":2000,"height":2000,"url":"https:\/\/kreutzer-modern.de\/wp-content\/uploads\/2023\/01\/P1181308.jpg","type":"image\/jpeg"}],"twitter_card":"summary_large_image","schema":{"@context":"https:\/\/schema.org","@graph":[{"@type":"WebPage","@id":"https:\/\/kreutzer-modern.de\/en\/produkt\/jean-prouve-rare-height-adjustable-swivel-stool1954\/","url":"https:\/\/kreutzer-modern.de\/en\/produkt\/jean-prouve-rare-height-adjustable-swivel-stool1954\/","name":"Jean Prouv\u00e9, rare height adjustable swivel stool, 1954 - Kreutzer Furniture &amp; Design","isPartOf":{"@id":"https:\/\/kreutzer-modern.de\/#website"},"datePublished":"2023-01-30T18:45:00+00:00","dateModified":"2024-08-01T11:57:48+00:00","breadcrumb":{"@id":"https:\/\/kreutzer-modern.de\/en\/produkt\/jean-prouve-rare-height-adjustable-swivel-stool1954\/#breadcrumb"},"inLanguage":"en-US","potentialAction":[{"@type":"ReadAction","target":["https:\/\/kreutzer-modern.de\/en\/produkt\/jean-prouve-rare-height-adjustable-swivel-stool1954\/"]}]},{"@type":"BreadcrumbList","@id":"https:\/\/kreutzer-modern.de\/en\/produkt\/jean-prouve-rare-height-adjustable-swivel-stool1954\/#breadcrumb","itemListElement":[{"@type":"ListItem","position":1,"name":"products","item":"https:\/\/kreutzer-modern.de\/en\/products\/"},{"@type":"ListItem","position":2,"name":"Archive","item":"https:\/\/kreutzer-modern.de\/en\/produkt-kategorie\/archive\/"},{"@type":"ListItem","position":3,"name":"Sitzen","item":"https:\/\/kreutzer-modern.de\/en\/produkt-kategorie\/sitzen-en\/"},{"@type":"ListItem","position":4,"name":"Jean Prouv\u00e9, rare height adjustable swivel stool, 1954"}]},{"@type":"WebSite","@id":"https:\/\/kreutzer-modern.de\/#website","url":"https:\/\/kreutzer-modern.de\/","name":"Kreutzer Furniture &amp; Design","description":"Design Classics of Modernity","potentialAction":[{"@type":"SearchAction","target":{"@type":"EntryPoint","urlTemplate":"https:\/\/kreutzer-modern.de\/?s={search_term_string}"},"query-input":"required name=search_term_string"}],"inLanguage":"en-US"}]}},"_links":{"self":[{"href":"https:\/\/kreutzer-modern.de\/en\/wp-json\/wp\/v2\/product\/32657"}],"collection":[{"href":"https:\/\/kreutzer-modern.de\/en\/wp-json\/wp\/v2\/product"}],"about":[{"href":"https:\/\/kreutzer-modern.de\/en\/wp-json\/wp\/v2\/types\/product"}],"wp:featuredmedia":[{"embeddable":true,"href":"https:\/\/kreutzer-modern.de\/en\/wp-json\/wp\/v2\/media\/32594"}],"wp:attachment":[{"href":"https:\/\/kreutzer-modern.de\/en\/wp-json\/wp\/v2\/media?parent=32657"}],"wp:term":[{"taxonomy":"product_cat","embeddable":true,"href":"https:\/\/kreutzer-modern.de\/en\/wp-json\/wp\/v2\/product_cat?post=32657"},{"taxonomy":"product_tag","embeddable":true,"href":"https:\/\/kreutzer-modern.de\/en\/wp-json\/wp\/v2\/product_tag?post=32657"}],"curies":[{"name":"wp","href":"https:\/\/api.w.org\/{rel}","templated":true}]}}