{"id":33478,"date":"2024-01-28T20:34:06","date_gmt":"2024-01-29T13:45:11","guid":{"rendered":"https:\/\/kreutzer-modern.de\/?post_type=product&#038;p=33478"},"modified":"2024-01-29T14:45:11","modified_gmt":"2024-01-29T13:45:11","slug":"javier-mariscal-and-pepe-cortes-floor-lamp-mod-garraf-for-bd-barcelona-1983","status":"publish","type":"product","link":"https:\/\/kreutzer-modern.de\/en\/produkt\/javier-mariscal-and-pepe-cortes-floor-lamp-mod-garraf-for-bd-barcelona-1983\/","title":{"rendered":"Javier Mariscal and Pepe Cort\u00e9s, floor lamp mod. Garraf for BD Barcelona, 1983"},"excerpt":{"rendered":"<p>The postmodern floor lamp by Javier Mariscal and P\u00e9p\u00e9 Cortes is exemplary of this period in the early 1980s.<br \/>\nIt was produced in limited numbers.<br \/>\nA confirmation of the lamp by Julia Mariscal:<br \/>\n&#8220;The &#8220;Garraf&#8221; lamp was produced for the exhibition &#8220;Muebles Muy Formales&#8221; by B.D. Ediciones de Dise\u00f1o, Barcelona in 1983.<br \/>\nWhere Pepe Cort\u00e9s and Javier Mariscal presented a series of design furniture like Taburte D\u00faplex, L\u00e1mpara Rocafort, L\u00e1mpara Ara\u00f1a, and Mueble BCNB among others.&#8221;<br \/>\nThis lamp is numbered 14.<br \/>\nThe lamp was sold by Galerie Nestor Perkal Paris.<\/p>\n<p>H 122 W 116 D 38<\/p>\n","protected":false},"featured_media":33396,"template":"","meta":[],"product_cat":[102,3132],"product_tag":[],"yoast_head":"<!-- This site is optimized with the Yoast SEO plugin v20.1 - https:\/\/yoast.com\/wordpress\/plugins\/seo\/ -->\n<title>Javier Mariscal and Pepe Cort\u00e9s, floor lamp mod. Garraf for BD Barcelona, 1983 - Kreutzer Furniture &amp; Design<\/title>\n<meta name=\"robots\" content=\"index, follow, max-snippet:-1, max-image-preview:large, max-video-preview:-1\" \/>\n<link rel=\"canonical\" href=\"https:\/\/kreutzer-modern.de\/en\/produkt\/javier-mariscal-and-pepe-cortes-floor-lamp-mod-garraf-for-bd-barcelona-1983\/\" \/>\n<meta property=\"og:locale\" content=\"en_US\" \/>\n<meta property=\"og:type\" content=\"article\" \/>\n<meta property=\"og:title\" content=\"Javier Mariscal and Pepe Cort\u00e9s, floor lamp mod. Garraf for BD Barcelona, 1983 - Kreutzer Furniture &amp; Design\" \/>\n<meta property=\"og:description\" content=\"The postmodern floor lamp by Javier Mariscal and P\u00e9p\u00e9 Cortes is exemplary of this period in the early 1980s. It was produced in limited numbers.  A confirmation of the lamp by Julia Mariscal: &quot;The &quot;Garraf&quot; lamp was produced for the exhibition &quot;Muebles Muy Formales&quot; by B.D. Ediciones de Dise\u00f1o, Barcelona in 1983. Where Pepe Cort\u00e9s and Javier Mariscal presented a series of design furniture like Taburte D\u00faplex, L\u00e1mpara Rocafort, L\u00e1mpara Ara\u00f1a, and Mueble BCNB among others.&quot; This lamp is numbered 14. The lamp was sold by Galerie Nestor Perkal Paris.  H 122 W 116 D 38\" \/>\n<meta property=\"og:url\" content=\"https:\/\/kreutzer-modern.de\/en\/produkt\/javier-mariscal-and-pepe-cortes-floor-lamp-mod-garraf-for-bd-barcelona-1983\/\" \/>\n<meta property=\"og:site_name\" content=\"Kreutzer Furniture &amp; Design\" \/>\n<meta property=\"og:image\" content=\"https:\/\/kreutzer-modern.de\/wp-content\/uploads\/2024\/01\/Kreutzer-Modern-23-scaled.jpg\" \/>\n\t<meta property=\"og:image:width\" content=\"2560\" \/>\n\t<meta property=\"og:image:height\" content=\"1706\" \/>\n\t<meta property=\"og:image:type\" content=\"image\/jpeg\" \/>\n<meta name=\"twitter:card\" content=\"summary_large_image\" \/>\n<script type=\"application\/ld+json\" class=\"yoast-schema-graph\">{\"@context\":\"https:\/\/schema.org\",\"@graph\":[{\"@type\":\"WebPage\",\"@id\":\"https:\/\/kreutzer-modern.de\/en\/produkt\/javier-mariscal-and-pepe-cortes-floor-lamp-mod-garraf-for-bd-barcelona-1983\/\",\"url\":\"https:\/\/kreutzer-modern.de\/en\/produkt\/javier-mariscal-and-pepe-cortes-floor-lamp-mod-garraf-for-bd-barcelona-1983\/\",\"name\":\"Javier Mariscal and Pepe Cort\u00e9s, floor lamp mod. Garraf for BD Barcelona, 1983 - Kreutzer Furniture &amp; Design\",\"isPartOf\":{\"@id\":\"https:\/\/kreutzer-modern.de\/#website\"},\"datePublished\":\"2024-01-29T13:45:11+00:00\",\"dateModified\":\"2024-01-29T13:45:11+00:00\",\"breadcrumb\":{\"@id\":\"https:\/\/kreutzer-modern.de\/en\/produkt\/javier-mariscal-and-pepe-cortes-floor-lamp-mod-garraf-for-bd-barcelona-1983\/#breadcrumb\"},\"inLanguage\":\"en-US\",\"potentialAction\":[{\"@type\":\"ReadAction\",\"target\":[\"https:\/\/kreutzer-modern.de\/en\/produkt\/javier-mariscal-and-pepe-cortes-floor-lamp-mod-garraf-for-bd-barcelona-1983\/\"]}]},{\"@type\":\"BreadcrumbList\",\"@id\":\"https:\/\/kreutzer-modern.de\/en\/produkt\/javier-mariscal-and-pepe-cortes-floor-lamp-mod-garraf-for-bd-barcelona-1983\/#breadcrumb\",\"itemListElement\":[{\"@type\":\"ListItem\",\"position\":1,\"name\":\"products\",\"item\":\"https:\/\/kreutzer-modern.de\/en\/products\/\"},{\"@type\":\"ListItem\",\"position\":2,\"name\":\"Archive\",\"item\":\"https:\/\/kreutzer-modern.de\/en\/produkt-kategorie\/archive\/\"},{\"@type\":\"ListItem\",\"position\":3,\"name\":\"Lighting\",\"item\":\"https:\/\/kreutzer-modern.de\/en\/produkt-kategorie\/archive\/lighting-en-2\/\"},{\"@type\":\"ListItem\",\"position\":4,\"name\":\"Javier Mariscal and Pepe Cort\u00e9s, floor lamp mod. Garraf for BD Barcelona, 1983\"}]},{\"@type\":\"WebSite\",\"@id\":\"https:\/\/kreutzer-modern.de\/#website\",\"url\":\"https:\/\/kreutzer-modern.de\/\",\"name\":\"Kreutzer Furniture &amp; Design\",\"description\":\"Design Classics of Modernity\",\"potentialAction\":[{\"@type\":\"SearchAction\",\"target\":{\"@type\":\"EntryPoint\",\"urlTemplate\":\"https:\/\/kreutzer-modern.de\/?s={search_term_string}\"},\"query-input\":\"required name=search_term_string\"}],\"inLanguage\":\"en-US\"}]}<\/script>\n<!-- \/ Yoast SEO plugin. -->","yoast_head_json":{"title":"Javier Mariscal and Pepe Cort\u00e9s, floor lamp mod. Garraf for BD Barcelona, 1983 - Kreutzer Furniture &amp; Design","robots":{"index":"index","follow":"follow","max-snippet":"max-snippet:-1","max-image-preview":"max-image-preview:large","max-video-preview":"max-video-preview:-1"},"canonical":"https:\/\/kreutzer-modern.de\/en\/produkt\/javier-mariscal-and-pepe-cortes-floor-lamp-mod-garraf-for-bd-barcelona-1983\/","og_locale":"en_US","og_type":"article","og_title":"Javier Mariscal and Pepe Cort\u00e9s, floor lamp mod. Garraf for BD Barcelona, 1983 - Kreutzer Furniture &amp; Design","og_description":"The postmodern floor lamp by Javier Mariscal and P\u00e9p\u00e9 Cortes is exemplary of this period in the early 1980s. It was produced in limited numbers.  A confirmation of the lamp by Julia Mariscal: \"The \"Garraf\" lamp was produced for the exhibition \"Muebles Muy Formales\" by B.D. Ediciones de Dise\u00f1o, Barcelona in 1983. Where Pepe Cort\u00e9s and Javier Mariscal presented a series of design furniture like Taburte D\u00faplex, L\u00e1mpara Rocafort, L\u00e1mpara Ara\u00f1a, and Mueble BCNB among others.\" This lamp is numbered 14. The lamp was sold by Galerie Nestor Perkal Paris.  H 122 W 116 D 38","og_url":"https:\/\/kreutzer-modern.de\/en\/produkt\/javier-mariscal-and-pepe-cortes-floor-lamp-mod-garraf-for-bd-barcelona-1983\/","og_site_name":"Kreutzer Furniture &amp; Design","og_image":[{"width":2560,"height":1706,"url":"https:\/\/kreutzer-modern.de\/wp-content\/uploads\/2024\/01\/Kreutzer-Modern-23-scaled.jpg","type":"image\/jpeg"}],"twitter_card":"summary_large_image","schema":{"@context":"https:\/\/schema.org","@graph":[{"@type":"WebPage","@id":"https:\/\/kreutzer-modern.de\/en\/produkt\/javier-mariscal-and-pepe-cortes-floor-lamp-mod-garraf-for-bd-barcelona-1983\/","url":"https:\/\/kreutzer-modern.de\/en\/produkt\/javier-mariscal-and-pepe-cortes-floor-lamp-mod-garraf-for-bd-barcelona-1983\/","name":"Javier Mariscal and Pepe Cort\u00e9s, floor lamp mod. Garraf for BD Barcelona, 1983 - Kreutzer Furniture &amp; Design","isPartOf":{"@id":"https:\/\/kreutzer-modern.de\/#website"},"datePublished":"2024-01-29T13:45:11+00:00","dateModified":"2024-01-29T13:45:11+00:00","breadcrumb":{"@id":"https:\/\/kreutzer-modern.de\/en\/produkt\/javier-mariscal-and-pepe-cortes-floor-lamp-mod-garraf-for-bd-barcelona-1983\/#breadcrumb"},"inLanguage":"en-US","potentialAction":[{"@type":"ReadAction","target":["https:\/\/kreutzer-modern.de\/en\/produkt\/javier-mariscal-and-pepe-cortes-floor-lamp-mod-garraf-for-bd-barcelona-1983\/"]}]},{"@type":"BreadcrumbList","@id":"https:\/\/kreutzer-modern.de\/en\/produkt\/javier-mariscal-and-pepe-cortes-floor-lamp-mod-garraf-for-bd-barcelona-1983\/#breadcrumb","itemListElement":[{"@type":"ListItem","position":1,"name":"products","item":"https:\/\/kreutzer-modern.de\/en\/products\/"},{"@type":"ListItem","position":2,"name":"Archive","item":"https:\/\/kreutzer-modern.de\/en\/produkt-kategorie\/archive\/"},{"@type":"ListItem","position":3,"name":"Lighting","item":"https:\/\/kreutzer-modern.de\/en\/produkt-kategorie\/archive\/lighting-en-2\/"},{"@type":"ListItem","position":4,"name":"Javier Mariscal and Pepe Cort\u00e9s, floor lamp mod. Garraf for BD Barcelona, 1983"}]},{"@type":"WebSite","@id":"https:\/\/kreutzer-modern.de\/#website","url":"https:\/\/kreutzer-modern.de\/","name":"Kreutzer Furniture &amp; Design","description":"Design Classics of Modernity","potentialAction":[{"@type":"SearchAction","target":{"@type":"EntryPoint","urlTemplate":"https:\/\/kreutzer-modern.de\/?s={search_term_string}"},"query-input":"required name=search_term_string"}],"inLanguage":"en-US"}]}},"_links":{"self":[{"href":"https:\/\/kreutzer-modern.de\/en\/wp-json\/wp\/v2\/product\/33478"}],"collection":[{"href":"https:\/\/kreutzer-modern.de\/en\/wp-json\/wp\/v2\/product"}],"about":[{"href":"https:\/\/kreutzer-modern.de\/en\/wp-json\/wp\/v2\/types\/product"}],"wp:featuredmedia":[{"embeddable":true,"href":"https:\/\/kreutzer-modern.de\/en\/wp-json\/wp\/v2\/media\/33396"}],"wp:attachment":[{"href":"https:\/\/kreutzer-modern.de\/en\/wp-json\/wp\/v2\/media?parent=33478"}],"wp:term":[{"taxonomy":"product_cat","embeddable":true,"href":"https:\/\/kreutzer-modern.de\/en\/wp-json\/wp\/v2\/product_cat?post=33478"},{"taxonomy":"product_tag","embeddable":true,"href":"https:\/\/kreutzer-modern.de\/en\/wp-json\/wp\/v2\/product_tag?post=33478"}],"curies":[{"name":"wp","href":"https:\/\/api.w.org\/{rel}","templated":true}]}}