{"id":33584,"date":"2024-02-16T16:11:31","date_gmt":"2024-02-18T14:52:20","guid":{"rendered":"https:\/\/kreutzer-modern.de\/?post_type=product&#038;p=33584"},"modified":"2024-07-30T15:31:44","modified_gmt":"2024-07-30T13:31:44","slug":"juergen-lange-secretary-mod-prive-for-rosenthal-1980","status":"publish","type":"product","link":"https:\/\/kreutzer-modern.de\/en\/produkt\/juergen-lange-secretary-mod-prive-for-rosenthal-1980\/","title":{"rendered":"J\u00fcrgen Lange, Secretary mod. Priv\u00e9 for Rosenthal Einrichtung, 1980"},"excerpt":{"rendered":"<p>The secretary mod. &#8220;Priv\u00e9&#8221; by J\u00fcrgen Lange is formally characterized by the interplay of horizontal surfaces and slopes.<br \/>\nThe result is a furniture &#8220;sculpture&#8221; that combines the advantages of a writing desk with those of a standing desk.<br \/>\nThere are two acrylic glass containers in each of the two side panels that can be opened, e.g. for paper and large-format accessories.<br \/>\nWriting surface covered with leather.<br \/>\nLabeled Rosenthal Einrichtung on the side.<br \/>\nWinner of the Red Dot Award.<\/p>\n<p>B 87 D 53-90 H 103<\/p>\n<p>&#8230;secretary, standing desk or lectern&#8230; With this post-modern design, J\u00fcrgen Lange has created a small piece of furniture that is ideal for writing, thinking, communicating and storing. A beautiful piece of home furniture. <\/p>\n","protected":false},"featured_media":33545,"template":"","meta":[],"product_cat":[3964,170,169],"product_tag":[],"yoast_head":"<!-- This site is optimized with the Yoast SEO plugin v20.1 - https:\/\/yoast.com\/wordpress\/plugins\/seo\/ -->\n<title>J\u00fcrgen Lange, Secretary mod. Priv\u00e9 for Rosenthal Einrichtung, 1980 - Kreutzer Furniture &amp; Design<\/title>\n<meta name=\"robots\" content=\"index, follow, max-snippet:-1, max-image-preview:large, max-video-preview:-1\" \/>\n<link rel=\"canonical\" href=\"https:\/\/kreutzer-modern.de\/en\/produkt\/juergen-lange-secretary-mod-prive-for-rosenthal-1980\/\" \/>\n<meta property=\"og:locale\" content=\"en_US\" \/>\n<meta property=\"og:type\" content=\"article\" \/>\n<meta property=\"og:title\" content=\"J\u00fcrgen Lange, Secretary mod. Priv\u00e9 for Rosenthal Einrichtung, 1980 - Kreutzer Furniture &amp; Design\" \/>\n<meta property=\"og:description\" content=\"The secretary mod. &quot;Priv\u00e9&quot; by J\u00fcrgen Lange is formally characterized by the interplay of horizontal surfaces and slopes. The result is a furniture &quot;sculpture&quot; that combines the advantages of a writing desk with those of a standing desk. There are two acrylic glass containers in each of the two side panels that can be opened, e.g. for paper and large-format accessories. Writing surface covered with leather. Labeled Rosenthal Einrichtung on the side.   Winner of the Red Dot Award.  B 87 D 53-90 H 103  ...secretary, standing desk or lectern... With this post-modern design, J\u00fcrgen Lange has created a small piece of furniture that is ideal for writing, thinking, communicating and storing. A beautiful piece of home furniture.\" \/>\n<meta property=\"og:url\" content=\"https:\/\/kreutzer-modern.de\/en\/produkt\/juergen-lange-secretary-mod-prive-for-rosenthal-1980\/\" \/>\n<meta property=\"og:site_name\" content=\"Kreutzer Furniture &amp; Design\" \/>\n<meta property=\"article:modified_time\" content=\"2024-07-30T13:31:44+00:00\" \/>\n<meta property=\"og:image\" content=\"https:\/\/kreutzer-modern.de\/wp-content\/uploads\/2024\/02\/Kreuzer-Febr-24-50-scaled.jpg\" \/>\n\t<meta property=\"og:image:width\" content=\"2560\" \/>\n\t<meta property=\"og:image:height\" content=\"1706\" \/>\n\t<meta property=\"og:image:type\" content=\"image\/jpeg\" \/>\n<meta name=\"twitter:card\" content=\"summary_large_image\" \/>\n<script type=\"application\/ld+json\" class=\"yoast-schema-graph\">{\"@context\":\"https:\/\/schema.org\",\"@graph\":[{\"@type\":\"WebPage\",\"@id\":\"https:\/\/kreutzer-modern.de\/en\/produkt\/juergen-lange-secretary-mod-prive-for-rosenthal-1980\/\",\"url\":\"https:\/\/kreutzer-modern.de\/en\/produkt\/juergen-lange-secretary-mod-prive-for-rosenthal-1980\/\",\"name\":\"J\u00fcrgen Lange, Secretary mod. Priv\u00e9 for Rosenthal Einrichtung, 1980 - Kreutzer Furniture &amp; Design\",\"isPartOf\":{\"@id\":\"https:\/\/kreutzer-modern.de\/#website\"},\"datePublished\":\"2024-02-18T14:52:20+00:00\",\"dateModified\":\"2024-07-30T13:31:44+00:00\",\"breadcrumb\":{\"@id\":\"https:\/\/kreutzer-modern.de\/en\/produkt\/juergen-lange-secretary-mod-prive-for-rosenthal-1980\/#breadcrumb\"},\"inLanguage\":\"en-US\",\"potentialAction\":[{\"@type\":\"ReadAction\",\"target\":[\"https:\/\/kreutzer-modern.de\/en\/produkt\/juergen-lange-secretary-mod-prive-for-rosenthal-1980\/\"]}]},{\"@type\":\"BreadcrumbList\",\"@id\":\"https:\/\/kreutzer-modern.de\/en\/produkt\/juergen-lange-secretary-mod-prive-for-rosenthal-1980\/#breadcrumb\",\"itemListElement\":[{\"@type\":\"ListItem\",\"position\":1,\"name\":\"products\",\"item\":\"https:\/\/kreutzer-modern.de\/en\/products\/\"},{\"@type\":\"ListItem\",\"position\":2,\"name\":\"Alle\",\"item\":\"https:\/\/kreutzer-modern.de\/en\/produkt-kategorie\/alle-en\/\"},{\"@type\":\"ListItem\",\"position\":3,\"name\":\"J\u00fcrgen Lange, Secretary mod. Priv\u00e9 for Rosenthal Einrichtung, 1980\"}]},{\"@type\":\"WebSite\",\"@id\":\"https:\/\/kreutzer-modern.de\/#website\",\"url\":\"https:\/\/kreutzer-modern.de\/\",\"name\":\"Kreutzer Furniture &amp; Design\",\"description\":\"Design Classics of Modernity\",\"potentialAction\":[{\"@type\":\"SearchAction\",\"target\":{\"@type\":\"EntryPoint\",\"urlTemplate\":\"https:\/\/kreutzer-modern.de\/?s={search_term_string}\"},\"query-input\":\"required name=search_term_string\"}],\"inLanguage\":\"en-US\"}]}<\/script>\n<!-- \/ Yoast SEO plugin. -->","yoast_head_json":{"title":"J\u00fcrgen Lange, Secretary mod. Priv\u00e9 for Rosenthal Einrichtung, 1980 - Kreutzer Furniture &amp; Design","robots":{"index":"index","follow":"follow","max-snippet":"max-snippet:-1","max-image-preview":"max-image-preview:large","max-video-preview":"max-video-preview:-1"},"canonical":"https:\/\/kreutzer-modern.de\/en\/produkt\/juergen-lange-secretary-mod-prive-for-rosenthal-1980\/","og_locale":"en_US","og_type":"article","og_title":"J\u00fcrgen Lange, Secretary mod. Priv\u00e9 for Rosenthal Einrichtung, 1980 - Kreutzer Furniture &amp; Design","og_description":"The secretary mod. \"Priv\u00e9\" by J\u00fcrgen Lange is formally characterized by the interplay of horizontal surfaces and slopes. The result is a furniture \"sculpture\" that combines the advantages of a writing desk with those of a standing desk. There are two acrylic glass containers in each of the two side panels that can be opened, e.g. for paper and large-format accessories. Writing surface covered with leather. Labeled Rosenthal Einrichtung on the side.   Winner of the Red Dot Award.  B 87 D 53-90 H 103  ...secretary, standing desk or lectern... With this post-modern design, J\u00fcrgen Lange has created a small piece of furniture that is ideal for writing, thinking, communicating and storing. A beautiful piece of home furniture.","og_url":"https:\/\/kreutzer-modern.de\/en\/produkt\/juergen-lange-secretary-mod-prive-for-rosenthal-1980\/","og_site_name":"Kreutzer Furniture &amp; Design","article_modified_time":"2024-07-30T13:31:44+00:00","og_image":[{"width":2560,"height":1706,"url":"https:\/\/kreutzer-modern.de\/wp-content\/uploads\/2024\/02\/Kreuzer-Febr-24-50-scaled.jpg","type":"image\/jpeg"}],"twitter_card":"summary_large_image","schema":{"@context":"https:\/\/schema.org","@graph":[{"@type":"WebPage","@id":"https:\/\/kreutzer-modern.de\/en\/produkt\/juergen-lange-secretary-mod-prive-for-rosenthal-1980\/","url":"https:\/\/kreutzer-modern.de\/en\/produkt\/juergen-lange-secretary-mod-prive-for-rosenthal-1980\/","name":"J\u00fcrgen Lange, Secretary mod. Priv\u00e9 for Rosenthal Einrichtung, 1980 - Kreutzer Furniture &amp; Design","isPartOf":{"@id":"https:\/\/kreutzer-modern.de\/#website"},"datePublished":"2024-02-18T14:52:20+00:00","dateModified":"2024-07-30T13:31:44+00:00","breadcrumb":{"@id":"https:\/\/kreutzer-modern.de\/en\/produkt\/juergen-lange-secretary-mod-prive-for-rosenthal-1980\/#breadcrumb"},"inLanguage":"en-US","potentialAction":[{"@type":"ReadAction","target":["https:\/\/kreutzer-modern.de\/en\/produkt\/juergen-lange-secretary-mod-prive-for-rosenthal-1980\/"]}]},{"@type":"BreadcrumbList","@id":"https:\/\/kreutzer-modern.de\/en\/produkt\/juergen-lange-secretary-mod-prive-for-rosenthal-1980\/#breadcrumb","itemListElement":[{"@type":"ListItem","position":1,"name":"products","item":"https:\/\/kreutzer-modern.de\/en\/products\/"},{"@type":"ListItem","position":2,"name":"Alle","item":"https:\/\/kreutzer-modern.de\/en\/produkt-kategorie\/alle-en\/"},{"@type":"ListItem","position":3,"name":"J\u00fcrgen Lange, Secretary mod. Priv\u00e9 for Rosenthal Einrichtung, 1980"}]},{"@type":"WebSite","@id":"https:\/\/kreutzer-modern.de\/#website","url":"https:\/\/kreutzer-modern.de\/","name":"Kreutzer Furniture &amp; Design","description":"Design Classics of Modernity","potentialAction":[{"@type":"SearchAction","target":{"@type":"EntryPoint","urlTemplate":"https:\/\/kreutzer-modern.de\/?s={search_term_string}"},"query-input":"required name=search_term_string"}],"inLanguage":"en-US"}]}},"_links":{"self":[{"href":"https:\/\/kreutzer-modern.de\/en\/wp-json\/wp\/v2\/product\/33584"}],"collection":[{"href":"https:\/\/kreutzer-modern.de\/en\/wp-json\/wp\/v2\/product"}],"about":[{"href":"https:\/\/kreutzer-modern.de\/en\/wp-json\/wp\/v2\/types\/product"}],"wp:featuredmedia":[{"embeddable":true,"href":"https:\/\/kreutzer-modern.de\/en\/wp-json\/wp\/v2\/media\/33545"}],"wp:attachment":[{"href":"https:\/\/kreutzer-modern.de\/en\/wp-json\/wp\/v2\/media?parent=33584"}],"wp:term":[{"taxonomy":"product_cat","embeddable":true,"href":"https:\/\/kreutzer-modern.de\/en\/wp-json\/wp\/v2\/product_cat?post=33584"},{"taxonomy":"product_tag","embeddable":true,"href":"https:\/\/kreutzer-modern.de\/en\/wp-json\/wp\/v2\/product_tag?post=33584"}],"curies":[{"name":"wp","href":"https:\/\/api.w.org\/{rel}","templated":true}]}}