{"id":34140,"date":"2024-10-23T20:35:22","date_gmt":"2024-10-23T18:35:22","guid":{"rendered":"https:\/\/kreutzer-modern.de\/produkt\/marc-newson-floor-lamp-mod-super-guppy-for-idee-1987\/"},"modified":"2025-01-17T15:30:31","modified_gmt":"2025-01-17T14:30:31","slug":"marc-newson-floor-lamp-mod-super-guppy-for-idee-1987","status":"publish","type":"product","link":"https:\/\/kreutzer-modern.de\/en\/produkt\/marc-newson-floor-lamp-mod-super-guppy-for-idee-1987\/","title":{"rendered":"Marc Newson, floor lamp mod. Super Guppy for Id\u00e8e, 1987"},"excerpt":{"rendered":"<p>Marc Newson&#8217;s floor lamp \u201cGuppy\u201d for Id\u00e8e was the first floor lamp he designed.<br \/>\nIt was created while he was working with Id\u00e8e in Tokyo.<br \/>\nThe lamp is an &#8216;objet trouv\u00e9&#8217;, so to speak, an interpretation of Tokyo&#8217;s street lamps.<br \/>\nMarked on lamp had with label.<\/p>\n<p>&nbsp;<\/p>\n<p>\nH 185 W 88 D 88\n<\/p>\n<p>&nbsp;<\/p>\n<p>\nLit: Marc Newson. Works 84-24.<br \/>\n     TASCHEN Publishers<br \/>\n     page 14-15\n<\/p>\n<p>&nbsp;<\/p>\n<p>\nIn cooperation with \u201cDas Spezifikum\u201d\n<\/p>\n<p>&nbsp;<\/p>\n<p>\nSuper Guppy&#8230; an airplane? In any case, the design of the lamp is reminiscent of this airplane. Marc Newson was inspired by Pier Giacomo Castiglioni&#8217;s &#8220;readymade&#8221; objects. While wandering through Tokyo&#8217;s builder&#8217;s stores, he came across \u201ccool stuff\u201d, in his own words. This gave rise to the idea for this lamp.<\/p>\n","protected":false},"featured_media":34066,"template":"","meta":[],"product_cat":[102,3132],"product_tag":[],"yoast_head":"<!-- This site is optimized with the Yoast SEO plugin v20.1 - https:\/\/yoast.com\/wordpress\/plugins\/seo\/ -->\n<title>Marc Newson, floor lamp mod. Super Guppy for Id\u00e8e, 1987 - Kreutzer Furniture &amp; Design<\/title>\n<meta name=\"robots\" content=\"index, follow, max-snippet:-1, max-image-preview:large, max-video-preview:-1\" \/>\n<link rel=\"canonical\" href=\"https:\/\/kreutzer-modern.de\/en\/produkt\/marc-newson-floor-lamp-mod-super-guppy-for-idee-1987\/\" \/>\n<meta property=\"og:locale\" content=\"en_US\" \/>\n<meta property=\"og:type\" content=\"article\" \/>\n<meta property=\"og:title\" content=\"Marc Newson, floor lamp mod. Super Guppy for Id\u00e8e, 1987 - Kreutzer Furniture &amp; Design\" \/>\n<meta property=\"og:description\" content=\"Marc Newson&#039;s floor lamp \u201cGuppy\u201d for Id\u00e8e was the first floor lamp he designed. It was created while he was working with Id\u00e8e in Tokyo. The lamp is an &#039;objet trouv\u00e9&#039;, so to speak, an interpretation of Tokyo&#039;s street lamps. Marked on lamp had with label.  &nbsp; H 185 W 88 D 88 &nbsp; Lit: Marc Newson. Works 84-24.    TASCHEN Publishers    page 14-15 &nbsp; In cooperation with \u201cDas Spezifikum\u201d &nbsp; Super Guppy... an airplane? In any case, the design of the lamp is reminiscent of this airplane. Marc Newson was inspired by Pier Giacomo Castiglioni&#039;s &quot;readymade&quot; objects. While wandering through Tokyo&#039;s builder&#039;s stores, he came across \u201ccool stuff\u201d, in his own words. This gave rise to the idea for this lamp.\" \/>\n<meta property=\"og:url\" content=\"https:\/\/kreutzer-modern.de\/en\/produkt\/marc-newson-floor-lamp-mod-super-guppy-for-idee-1987\/\" \/>\n<meta property=\"og:site_name\" content=\"Kreutzer Furniture &amp; Design\" \/>\n<meta property=\"article:modified_time\" content=\"2025-01-17T14:30:31+00:00\" \/>\n<meta property=\"og:image\" content=\"https:\/\/kreutzer-modern.de\/wp-content\/uploads\/2024\/10\/P1204164-1.jpg\" \/>\n\t<meta property=\"og:image:width\" content=\"2000\" \/>\n\t<meta property=\"og:image:height\" content=\"2000\" \/>\n\t<meta property=\"og:image:type\" content=\"image\/jpeg\" \/>\n<meta name=\"twitter:card\" content=\"summary_large_image\" \/>\n<script type=\"application\/ld+json\" class=\"yoast-schema-graph\">{\"@context\":\"https:\/\/schema.org\",\"@graph\":[{\"@type\":\"WebPage\",\"@id\":\"https:\/\/kreutzer-modern.de\/en\/produkt\/marc-newson-floor-lamp-mod-super-guppy-for-idee-1987\/\",\"url\":\"https:\/\/kreutzer-modern.de\/en\/produkt\/marc-newson-floor-lamp-mod-super-guppy-for-idee-1987\/\",\"name\":\"Marc Newson, floor lamp mod. Super Guppy for Id\u00e8e, 1987 - Kreutzer Furniture &amp; Design\",\"isPartOf\":{\"@id\":\"https:\/\/kreutzer-modern.de\/#website\"},\"datePublished\":\"2024-10-23T18:35:22+00:00\",\"dateModified\":\"2025-01-17T14:30:31+00:00\",\"breadcrumb\":{\"@id\":\"https:\/\/kreutzer-modern.de\/en\/produkt\/marc-newson-floor-lamp-mod-super-guppy-for-idee-1987\/#breadcrumb\"},\"inLanguage\":\"en-US\",\"potentialAction\":[{\"@type\":\"ReadAction\",\"target\":[\"https:\/\/kreutzer-modern.de\/en\/produkt\/marc-newson-floor-lamp-mod-super-guppy-for-idee-1987\/\"]}]},{\"@type\":\"BreadcrumbList\",\"@id\":\"https:\/\/kreutzer-modern.de\/en\/produkt\/marc-newson-floor-lamp-mod-super-guppy-for-idee-1987\/#breadcrumb\",\"itemListElement\":[{\"@type\":\"ListItem\",\"position\":1,\"name\":\"products\",\"item\":\"https:\/\/kreutzer-modern.de\/en\/products\/\"},{\"@type\":\"ListItem\",\"position\":2,\"name\":\"Archive\",\"item\":\"https:\/\/kreutzer-modern.de\/en\/produkt-kategorie\/archive\/\"},{\"@type\":\"ListItem\",\"position\":3,\"name\":\"Lighting\",\"item\":\"https:\/\/kreutzer-modern.de\/en\/produkt-kategorie\/archive\/lighting-en-2\/\"},{\"@type\":\"ListItem\",\"position\":4,\"name\":\"Marc Newson, floor lamp mod. Super Guppy for Id\u00e8e, 1987\"}]},{\"@type\":\"WebSite\",\"@id\":\"https:\/\/kreutzer-modern.de\/#website\",\"url\":\"https:\/\/kreutzer-modern.de\/\",\"name\":\"Kreutzer Furniture &amp; Design\",\"description\":\"Design Classics of Modernity\",\"potentialAction\":[{\"@type\":\"SearchAction\",\"target\":{\"@type\":\"EntryPoint\",\"urlTemplate\":\"https:\/\/kreutzer-modern.de\/?s={search_term_string}\"},\"query-input\":\"required name=search_term_string\"}],\"inLanguage\":\"en-US\"}]}<\/script>\n<!-- \/ Yoast SEO plugin. -->","yoast_head_json":{"title":"Marc Newson, floor lamp mod. Super Guppy for Id\u00e8e, 1987 - Kreutzer Furniture &amp; Design","robots":{"index":"index","follow":"follow","max-snippet":"max-snippet:-1","max-image-preview":"max-image-preview:large","max-video-preview":"max-video-preview:-1"},"canonical":"https:\/\/kreutzer-modern.de\/en\/produkt\/marc-newson-floor-lamp-mod-super-guppy-for-idee-1987\/","og_locale":"en_US","og_type":"article","og_title":"Marc Newson, floor lamp mod. Super Guppy for Id\u00e8e, 1987 - Kreutzer Furniture &amp; Design","og_description":"Marc Newson's floor lamp \u201cGuppy\u201d for Id\u00e8e was the first floor lamp he designed. It was created while he was working with Id\u00e8e in Tokyo. The lamp is an 'objet trouv\u00e9', so to speak, an interpretation of Tokyo's street lamps. Marked on lamp had with label.  &nbsp; H 185 W 88 D 88 &nbsp; Lit: Marc Newson. Works 84-24.    TASCHEN Publishers    page 14-15 &nbsp; In cooperation with \u201cDas Spezifikum\u201d &nbsp; Super Guppy... an airplane? In any case, the design of the lamp is reminiscent of this airplane. Marc Newson was inspired by Pier Giacomo Castiglioni's \"readymade\" objects. While wandering through Tokyo's builder's stores, he came across \u201ccool stuff\u201d, in his own words. This gave rise to the idea for this lamp.","og_url":"https:\/\/kreutzer-modern.de\/en\/produkt\/marc-newson-floor-lamp-mod-super-guppy-for-idee-1987\/","og_site_name":"Kreutzer Furniture &amp; Design","article_modified_time":"2025-01-17T14:30:31+00:00","og_image":[{"width":2000,"height":2000,"url":"https:\/\/kreutzer-modern.de\/wp-content\/uploads\/2024\/10\/P1204164-1.jpg","type":"image\/jpeg"}],"twitter_card":"summary_large_image","schema":{"@context":"https:\/\/schema.org","@graph":[{"@type":"WebPage","@id":"https:\/\/kreutzer-modern.de\/en\/produkt\/marc-newson-floor-lamp-mod-super-guppy-for-idee-1987\/","url":"https:\/\/kreutzer-modern.de\/en\/produkt\/marc-newson-floor-lamp-mod-super-guppy-for-idee-1987\/","name":"Marc Newson, floor lamp mod. Super Guppy for Id\u00e8e, 1987 - Kreutzer Furniture &amp; Design","isPartOf":{"@id":"https:\/\/kreutzer-modern.de\/#website"},"datePublished":"2024-10-23T18:35:22+00:00","dateModified":"2025-01-17T14:30:31+00:00","breadcrumb":{"@id":"https:\/\/kreutzer-modern.de\/en\/produkt\/marc-newson-floor-lamp-mod-super-guppy-for-idee-1987\/#breadcrumb"},"inLanguage":"en-US","potentialAction":[{"@type":"ReadAction","target":["https:\/\/kreutzer-modern.de\/en\/produkt\/marc-newson-floor-lamp-mod-super-guppy-for-idee-1987\/"]}]},{"@type":"BreadcrumbList","@id":"https:\/\/kreutzer-modern.de\/en\/produkt\/marc-newson-floor-lamp-mod-super-guppy-for-idee-1987\/#breadcrumb","itemListElement":[{"@type":"ListItem","position":1,"name":"products","item":"https:\/\/kreutzer-modern.de\/en\/products\/"},{"@type":"ListItem","position":2,"name":"Archive","item":"https:\/\/kreutzer-modern.de\/en\/produkt-kategorie\/archive\/"},{"@type":"ListItem","position":3,"name":"Lighting","item":"https:\/\/kreutzer-modern.de\/en\/produkt-kategorie\/archive\/lighting-en-2\/"},{"@type":"ListItem","position":4,"name":"Marc Newson, floor lamp mod. Super Guppy for Id\u00e8e, 1987"}]},{"@type":"WebSite","@id":"https:\/\/kreutzer-modern.de\/#website","url":"https:\/\/kreutzer-modern.de\/","name":"Kreutzer Furniture &amp; Design","description":"Design Classics of Modernity","potentialAction":[{"@type":"SearchAction","target":{"@type":"EntryPoint","urlTemplate":"https:\/\/kreutzer-modern.de\/?s={search_term_string}"},"query-input":"required name=search_term_string"}],"inLanguage":"en-US"}]}},"_links":{"self":[{"href":"https:\/\/kreutzer-modern.de\/en\/wp-json\/wp\/v2\/product\/34140"}],"collection":[{"href":"https:\/\/kreutzer-modern.de\/en\/wp-json\/wp\/v2\/product"}],"about":[{"href":"https:\/\/kreutzer-modern.de\/en\/wp-json\/wp\/v2\/types\/product"}],"wp:featuredmedia":[{"embeddable":true,"href":"https:\/\/kreutzer-modern.de\/en\/wp-json\/wp\/v2\/media\/34066"}],"wp:attachment":[{"href":"https:\/\/kreutzer-modern.de\/en\/wp-json\/wp\/v2\/media?parent=34140"}],"wp:term":[{"taxonomy":"product_cat","embeddable":true,"href":"https:\/\/kreutzer-modern.de\/en\/wp-json\/wp\/v2\/product_cat?post=34140"},{"taxonomy":"product_tag","embeddable":true,"href":"https:\/\/kreutzer-modern.de\/en\/wp-json\/wp\/v2\/product_tag?post=34140"}],"curies":[{"name":"wp","href":"https:\/\/api.w.org\/{rel}","templated":true}]}}