{"id":35210,"date":"2026-01-18T11:45:29","date_gmt":"2026-01-18T10:56:48","guid":{"rendered":"https:\/\/kreutzer-modern.de\/?post_type=product&#038;p=35210"},"modified":"2026-03-01T13:52:10","modified_gmt":"2026-03-01T12:52:10","slug":"prof-rouge-ekkehard-fahr-illuminated-work-table-lite-1985","status":"publish","type":"product","link":"https:\/\/kreutzer-modern.de\/en\/produkt\/prof-rouge-ekkehard-fahr-illuminated-work-table-lite-1985\/","title":{"rendered":"Prof. Rouge Ekkehard Fahr, illuminated work table \u201clite,\u201d 1985"},"excerpt":{"rendered":"<p>Rouge Ekkehard Fahr developed this work table, which is part of his \u201cfiligran\u201d furniture system, initially for his own work as an architect and product designer. By 1995, Rouge Fahr had produced a limited series of five tables, each individually numbered and signed. The concept behind this unique table is its versatility as a work and drawing table with a T-square and backlit glass top for working with slides, negatives, and sketches.<br \/>\n&nbsp;<br \/>\nTwenty fold-out compartments and swivel drawers provide space for utensils. The filigree frame allows the worktop to be rotated in all directions, tilted, and adjusted in height.<br \/>\n&nbsp;<br \/>\nHis personal \u201clite\u201d work table was added to Die Neue Sammlung DNS in Munich in 2025, where the chairs from his \u2018filigran\u2019 system (\u201c6-roller seat,\u201d \u201cswing seat,\u201d and \u201cpendulum seat\u201d) are already archived.<br \/>\n&nbsp;<br \/>\nThe DNS also displays his floor lamp from the \u2018M60\u2019 lighting system, designed in 1960, which is also exhibited at MoMA in New York:<br \/>\n&nbsp;<br \/>\n<a href=\"https:\/\/www.die-neue-sammlung.de\/objekt\/stehleuchte-baukasten-m60-fahr\/\" rel=\"noopener\" target=\"_blank\">https:\/\/www.die-neue-sammlung.de\/objekt\/stehleuchte-baukasten-m60-fahr\/<\/a><br \/>\n<a href=\"https:\/\/www.moma.org\/collection\/works\/4744\" rel=\"noopener\" target=\"_blank\">https:\/\/www.moma.org\/collection\/works\/4744<\/a><br \/>\n&nbsp;<br \/>\nThe table, chairs, and shelf from the \u201cfiligran\u201d system were on display in 1991 in the exhibition \u201cM\u00fcnchner R\u00e4ume: Modelle neuer Innenarchitektur\u201d (Munich Rooms: Models of New Interior Design) at the Munich City Museum.<br \/>\n&nbsp;<br \/>\nThe Kaiser Wilhelm Museum in Krefeld will also add a copy of \u201clite\u201d to its design collection in 2026.<br \/>\n&nbsp;<br \/>\nProduct details \u201clite\u201d:<br \/>\n&nbsp;<br \/>\nTabletop \u00f8153cm x 6cm:<br \/>\nBirch plywood body with 20 rotating and folding compartments.<br \/>\nCenter backlit and satin-finished glass top 94,5 x 94,5cm, 6mm, on both sides.<br \/>\nBacklighting via four dimmable compact fluorescent lamps.<br \/>\nInternal stainless steel chassis made of rectangular tubes, cantilevered from the axle head.<br \/>\n&nbsp;<br \/>\nFrame:<br \/>\nStainless steel construction with four legs \u00f814mm.<br \/>\nFloor glides \u00f863mm, one foot height-adjustable for floor adaptation.<br \/>\nTrapezoidal threaded axle \u00f830mm with adjustable joint to tilt the table up to 120\u00b0. Height adjustable 69\u201384cm.<br \/>\nFacsimile copies of the colored original design drawings are supplied with the table.<br \/>\n&nbsp;<br \/>\nRouge Fahr studied architecture under Egon Eiermann at the Technical University of Karlsruhe. In 1973, he founded the architectural group Planung Fahr + Partner PFP in Munich and taught at the Technical University of Munich from 1976 to 1982.<br \/>\nRouge Fahr studied architecture under Egon Eiermann at the Technical University of Karlsruhe. In 1973, he founded the architectural group Planung Fahr + Partner PFP in Munich and taught at the Faculty of Architecture at the University of Stuttgart from 1976 to 1978. His extensive work has been recognized with numerous awards, including:<br \/>\nEuropean Steel Construction Award (1976), German Steel Construction Award (1976), German Architecture Award (1977), BDA Award Baden-W\u00fcrttemberg (1977), BDA Prize Bavaria (1979 + 1981), Corporate Design Prize of the Design Center Munich (1995), Steel Construction Prize for Architecture (1996).<\/p>\n","protected":false},"featured_media":35184,"template":"","meta":[],"product_cat":[3964,170],"product_tag":[],"yoast_head":"<!-- This site is optimized with the Yoast SEO plugin v20.1 - https:\/\/yoast.com\/wordpress\/plugins\/seo\/ -->\n<title>Prof. Rouge Ekkehard Fahr, illuminated work table \u201clite,\u201d 1985 - Kreutzer Furniture &amp; Design<\/title>\n<meta name=\"robots\" content=\"index, follow, max-snippet:-1, max-image-preview:large, max-video-preview:-1\" \/>\n<link rel=\"canonical\" href=\"https:\/\/kreutzer-modern.de\/produkt\/prof-rouge-ekkehard-fahr-leucht-arbeits-tisch-lite-1985\/\" \/>\n<meta property=\"og:locale\" content=\"en_US\" \/>\n<meta property=\"og:type\" content=\"article\" \/>\n<meta property=\"og:title\" content=\"Prof. Rouge Ekkehard Fahr, illuminated work table \u201clite,\u201d 1985 - Kreutzer Furniture &amp; Design\" \/>\n<meta property=\"og:description\" content=\"Rouge Ekkehard Fahr developed this work table, which is part of his \u201cfiligran\u201d furniture system, initially for his own work as an architect and product designer. By 1995, Rouge Fahr had produced a limited series of five tables, each individually numbered and signed. The concept behind this unique table is its versatility as a work and drawing table with a T-square and backlit glass top for working with slides, negatives, and sketches. &nbsp; Twenty fold-out compartments and swivel drawers provide space for utensils. The filigree frame allows the worktop to be rotated in all directions, tilted, and adjusted in height. &nbsp; His personal \u201clite\u201d work table was added to Die Neue Sammlung DNS in Munich in 2025, where the chairs from his \u2018filigran\u2019 system (\u201c6-roller seat,\u201d \u201cswing seat,\u201d and \u201cpendulum seat\u201d) are already archived. &nbsp; The DNS also displays his floor lamp from the \u2018M60\u2019 lighting system, designed in 1960, which is also exhibited at MoMA in New York: &nbsp; https:\/\/www.die-neue-sammlung.de\/objekt\/stehleuchte-baukasten-m60-fahr\/ https:\/\/www.moma.org\/collection\/works\/4744 &nbsp; The table, chairs, and shelf from the \u201cfiligran\u201d system were on display in 1991 in the exhibition \u201cM\u00fcnchner R\u00e4ume: Modelle neuer Innenarchitektur\u201d (Munich Rooms: Models of New Interior Design) at the Munich City Museum. &nbsp; The Kaiser Wilhelm Museum in Krefeld will also add a copy of \u201clite\u201d to its design collection in 2026. &nbsp; Product details \u201clite\u201d: &nbsp; Tabletop \u00f8153cm x 6cm: Birch plywood body with 20 rotating and folding compartments. Center backlit and satin-finished glass top 94,5 x 94,5cm, 6mm, on both sides. Backlighting via four dimmable compact fluorescent lamps. Internal stainless steel chassis made of rectangular tubes, cantilevered from the axle head. &nbsp; Frame: Stainless steel construction with four legs \u00f814mm. Floor glides \u00f863mm, one foot height-adjustable for floor adaptation. Trapezoidal threaded axle \u00f830mm with adjustable joint to tilt the table up to 120\u00b0. Height adjustable 69\u201384cm. Facsimile copies of the colored original design drawings are supplied with the table. &nbsp; Rouge Fahr studied architecture under Egon Eiermann at the Technical University of Karlsruhe. In 1973, he founded the architectural group Planung Fahr + Partner PFP in Munich and taught at the Technical University of Munich from 1976 to 1982. Rouge Fahr studied architecture under Egon Eiermann at the Technical University of Karlsruhe. In 1973, he founded the architectural group Planung Fahr + Partner PFP in Munich and taught at the Faculty of Architecture at the University of Stuttgart from 1976 to 1978. His extensive work has been recognized with numerous awards, including: European Steel Construction Award (1976), German Steel Construction Award (1976), German Architecture Award (1977), BDA Award Baden-W\u00fcrttemberg (1977), BDA Prize Bavaria (1979 + 1981), Corporate Design Prize of the Design Center Munich (1995), Steel Construction Prize for Architecture (1996).\" \/>\n<meta property=\"og:url\" content=\"https:\/\/kreutzer-modern.de\/produkt\/prof-rouge-ekkehard-fahr-leucht-arbeits-tisch-lite-1985\/\" \/>\n<meta property=\"og:site_name\" content=\"Kreutzer Furniture &amp; Design\" \/>\n<meta property=\"article:modified_time\" content=\"2026-03-01T12:52:10+00:00\" \/>\n<meta property=\"og:image\" content=\"https:\/\/kreutzer-modern.de\/wp-content\/uploads\/2026\/01\/leicht_schraeg-scaled.jpg\" \/>\n\t<meta property=\"og:image:width\" content=\"2560\" \/>\n\t<meta property=\"og:image:height\" content=\"1855\" \/>\n\t<meta property=\"og:image:type\" content=\"image\/jpeg\" \/>\n<meta name=\"twitter:card\" content=\"summary_large_image\" \/>\n<script type=\"application\/ld+json\" class=\"yoast-schema-graph\">{\"@context\":\"https:\/\/schema.org\",\"@graph\":[{\"@type\":\"WebPage\",\"@id\":\"https:\/\/kreutzer-modern.de\/produkt\/prof-rouge-ekkehard-fahr-leucht-arbeits-tisch-lite-1985\/\",\"url\":\"https:\/\/kreutzer-modern.de\/produkt\/prof-rouge-ekkehard-fahr-leucht-arbeits-tisch-lite-1985\/\",\"name\":\"Prof. Rouge Ekkehard Fahr, illuminated work table \u201clite,\u201d 1985 - Kreutzer Furniture &amp; Design\",\"isPartOf\":{\"@id\":\"https:\/\/kreutzer-modern.de\/#website\"},\"datePublished\":\"2026-01-18T10:56:48+00:00\",\"dateModified\":\"2026-03-01T12:52:10+00:00\",\"breadcrumb\":{\"@id\":\"https:\/\/kreutzer-modern.de\/produkt\/prof-rouge-ekkehard-fahr-leucht-arbeits-tisch-lite-1985\/#breadcrumb\"},\"inLanguage\":\"en-US\",\"potentialAction\":[{\"@type\":\"ReadAction\",\"target\":[\"https:\/\/kreutzer-modern.de\/produkt\/prof-rouge-ekkehard-fahr-leucht-arbeits-tisch-lite-1985\/\"]}]},{\"@type\":\"BreadcrumbList\",\"@id\":\"https:\/\/kreutzer-modern.de\/produkt\/prof-rouge-ekkehard-fahr-leucht-arbeits-tisch-lite-1985\/#breadcrumb\",\"itemListElement\":[{\"@type\":\"ListItem\",\"position\":1,\"name\":\"products\",\"item\":\"https:\/\/kreutzer-modern.de\/en\/products\/\"},{\"@type\":\"ListItem\",\"position\":2,\"name\":\"Alle\",\"item\":\"https:\/\/kreutzer-modern.de\/en\/produkt-kategorie\/alle-en\/\"},{\"@type\":\"ListItem\",\"position\":3,\"name\":\"Prof. Rouge Ekkehard Fahr, illuminated work table \u201clite,\u201d 1985\"}]},{\"@type\":\"WebSite\",\"@id\":\"https:\/\/kreutzer-modern.de\/#website\",\"url\":\"https:\/\/kreutzer-modern.de\/\",\"name\":\"Kreutzer Furniture &amp; Design\",\"description\":\"Design Classics of Modernity\",\"potentialAction\":[{\"@type\":\"SearchAction\",\"target\":{\"@type\":\"EntryPoint\",\"urlTemplate\":\"https:\/\/kreutzer-modern.de\/?s={search_term_string}\"},\"query-input\":\"required name=search_term_string\"}],\"inLanguage\":\"en-US\"}]}<\/script>\n<!-- \/ Yoast SEO plugin. -->","yoast_head_json":{"title":"Prof. Rouge Ekkehard Fahr, illuminated work table \u201clite,\u201d 1985 - Kreutzer Furniture &amp; Design","robots":{"index":"index","follow":"follow","max-snippet":"max-snippet:-1","max-image-preview":"max-image-preview:large","max-video-preview":"max-video-preview:-1"},"canonical":"https:\/\/kreutzer-modern.de\/produkt\/prof-rouge-ekkehard-fahr-leucht-arbeits-tisch-lite-1985\/","og_locale":"en_US","og_type":"article","og_title":"Prof. Rouge Ekkehard Fahr, illuminated work table \u201clite,\u201d 1985 - Kreutzer Furniture &amp; Design","og_description":"Rouge Ekkehard Fahr developed this work table, which is part of his \u201cfiligran\u201d furniture system, initially for his own work as an architect and product designer. By 1995, Rouge Fahr had produced a limited series of five tables, each individually numbered and signed. The concept behind this unique table is its versatility as a work and drawing table with a T-square and backlit glass top for working with slides, negatives, and sketches. &nbsp; Twenty fold-out compartments and swivel drawers provide space for utensils. The filigree frame allows the worktop to be rotated in all directions, tilted, and adjusted in height. &nbsp; His personal \u201clite\u201d work table was added to Die Neue Sammlung DNS in Munich in 2025, where the chairs from his \u2018filigran\u2019 system (\u201c6-roller seat,\u201d \u201cswing seat,\u201d and \u201cpendulum seat\u201d) are already archived. &nbsp; The DNS also displays his floor lamp from the \u2018M60\u2019 lighting system, designed in 1960, which is also exhibited at MoMA in New York: &nbsp; https:\/\/www.die-neue-sammlung.de\/objekt\/stehleuchte-baukasten-m60-fahr\/ https:\/\/www.moma.org\/collection\/works\/4744 &nbsp; The table, chairs, and shelf from the \u201cfiligran\u201d system were on display in 1991 in the exhibition \u201cM\u00fcnchner R\u00e4ume: Modelle neuer Innenarchitektur\u201d (Munich Rooms: Models of New Interior Design) at the Munich City Museum. &nbsp; The Kaiser Wilhelm Museum in Krefeld will also add a copy of \u201clite\u201d to its design collection in 2026. &nbsp; Product details \u201clite\u201d: &nbsp; Tabletop \u00f8153cm x 6cm: Birch plywood body with 20 rotating and folding compartments. Center backlit and satin-finished glass top 94,5 x 94,5cm, 6mm, on both sides. Backlighting via four dimmable compact fluorescent lamps. Internal stainless steel chassis made of rectangular tubes, cantilevered from the axle head. &nbsp; Frame: Stainless steel construction with four legs \u00f814mm. Floor glides \u00f863mm, one foot height-adjustable for floor adaptation. Trapezoidal threaded axle \u00f830mm with adjustable joint to tilt the table up to 120\u00b0. Height adjustable 69\u201384cm. Facsimile copies of the colored original design drawings are supplied with the table. &nbsp; Rouge Fahr studied architecture under Egon Eiermann at the Technical University of Karlsruhe. In 1973, he founded the architectural group Planung Fahr + Partner PFP in Munich and taught at the Technical University of Munich from 1976 to 1982. Rouge Fahr studied architecture under Egon Eiermann at the Technical University of Karlsruhe. In 1973, he founded the architectural group Planung Fahr + Partner PFP in Munich and taught at the Faculty of Architecture at the University of Stuttgart from 1976 to 1978. His extensive work has been recognized with numerous awards, including: European Steel Construction Award (1976), German Steel Construction Award (1976), German Architecture Award (1977), BDA Award Baden-W\u00fcrttemberg (1977), BDA Prize Bavaria (1979 + 1981), Corporate Design Prize of the Design Center Munich (1995), Steel Construction Prize for Architecture (1996).","og_url":"https:\/\/kreutzer-modern.de\/produkt\/prof-rouge-ekkehard-fahr-leucht-arbeits-tisch-lite-1985\/","og_site_name":"Kreutzer Furniture &amp; Design","article_modified_time":"2026-03-01T12:52:10+00:00","og_image":[{"width":2560,"height":1855,"url":"https:\/\/kreutzer-modern.de\/wp-content\/uploads\/2026\/01\/leicht_schraeg-scaled.jpg","type":"image\/jpeg"}],"twitter_card":"summary_large_image","schema":{"@context":"https:\/\/schema.org","@graph":[{"@type":"WebPage","@id":"https:\/\/kreutzer-modern.de\/produkt\/prof-rouge-ekkehard-fahr-leucht-arbeits-tisch-lite-1985\/","url":"https:\/\/kreutzer-modern.de\/produkt\/prof-rouge-ekkehard-fahr-leucht-arbeits-tisch-lite-1985\/","name":"Prof. Rouge Ekkehard Fahr, illuminated work table \u201clite,\u201d 1985 - Kreutzer Furniture &amp; Design","isPartOf":{"@id":"https:\/\/kreutzer-modern.de\/#website"},"datePublished":"2026-01-18T10:56:48+00:00","dateModified":"2026-03-01T12:52:10+00:00","breadcrumb":{"@id":"https:\/\/kreutzer-modern.de\/produkt\/prof-rouge-ekkehard-fahr-leucht-arbeits-tisch-lite-1985\/#breadcrumb"},"inLanguage":"en-US","potentialAction":[{"@type":"ReadAction","target":["https:\/\/kreutzer-modern.de\/produkt\/prof-rouge-ekkehard-fahr-leucht-arbeits-tisch-lite-1985\/"]}]},{"@type":"BreadcrumbList","@id":"https:\/\/kreutzer-modern.de\/produkt\/prof-rouge-ekkehard-fahr-leucht-arbeits-tisch-lite-1985\/#breadcrumb","itemListElement":[{"@type":"ListItem","position":1,"name":"products","item":"https:\/\/kreutzer-modern.de\/en\/products\/"},{"@type":"ListItem","position":2,"name":"Alle","item":"https:\/\/kreutzer-modern.de\/en\/produkt-kategorie\/alle-en\/"},{"@type":"ListItem","position":3,"name":"Prof. Rouge Ekkehard Fahr, illuminated work table \u201clite,\u201d 1985"}]},{"@type":"WebSite","@id":"https:\/\/kreutzer-modern.de\/#website","url":"https:\/\/kreutzer-modern.de\/","name":"Kreutzer Furniture &amp; Design","description":"Design Classics of Modernity","potentialAction":[{"@type":"SearchAction","target":{"@type":"EntryPoint","urlTemplate":"https:\/\/kreutzer-modern.de\/?s={search_term_string}"},"query-input":"required name=search_term_string"}],"inLanguage":"en-US"}]}},"_links":{"self":[{"href":"https:\/\/kreutzer-modern.de\/en\/wp-json\/wp\/v2\/product\/35210"}],"collection":[{"href":"https:\/\/kreutzer-modern.de\/en\/wp-json\/wp\/v2\/product"}],"about":[{"href":"https:\/\/kreutzer-modern.de\/en\/wp-json\/wp\/v2\/types\/product"}],"wp:featuredmedia":[{"embeddable":true,"href":"https:\/\/kreutzer-modern.de\/en\/wp-json\/wp\/v2\/media\/35184"}],"wp:attachment":[{"href":"https:\/\/kreutzer-modern.de\/en\/wp-json\/wp\/v2\/media?parent=35210"}],"wp:term":[{"taxonomy":"product_cat","embeddable":true,"href":"https:\/\/kreutzer-modern.de\/en\/wp-json\/wp\/v2\/product_cat?post=35210"},{"taxonomy":"product_tag","embeddable":true,"href":"https:\/\/kreutzer-modern.de\/en\/wp-json\/wp\/v2\/product_tag?post=35210"}],"curies":[{"name":"wp","href":"https:\/\/api.w.org\/{rel}","templated":true}]}}