{"id":35289,"date":"2026-02-28T18:07:52","date_gmt":"2026-02-28T17:07:52","guid":{"rendered":"https:\/\/kreutzer-modern.de\/produkt\/siegfried-puetz-sessel-aus-dem-privatbesitz-des-kuenstlers-um-1940\/"},"modified":"2026-03-11T11:03:56","modified_gmt":"2026-03-11T10:03:56","slug":"siegfried-puetz-sessel-aus-dem-privatbesitz-des-kuenstlers-um-1940","status":"publish","type":"product","link":"https:\/\/kreutzer-modern.de\/en\/produkt\/siegfried-puetz-sessel-aus-dem-privatbesitz-des-kuenstlers-um-1940\/","title":{"rendered":"Siegfried P\u00fctz, armchair from the artist&#8217;s private collection, around 1940"},"excerpt":{"rendered":"<p>The armchair was created between 1930 and 1945, when artist and designer Siegfried P\u00fctz was banned from working during the Nazi regime.<\/p>\n<p>In 2001, a year before her death, Rose-Maria P\u00fctz gave the armchair, along with a table and the drawing Kosmischer Rhythmus (Cosmic Rhythm, 1958, black chalk), to the artist Margaretha K\u00fcwen. The handover took place in connection with the book Siegfried P\u00fctz \u2013 Sein Schaffen (Siegfried P\u00fctz \u2013 His Work), signed by Rose-Maria P\u00fctz, which she presented to Margaretha K\u00fcwen with a personal dedication.<\/p>\n<p>Margaretha K\u00fcwen and her husband Michael Kohr were closely connected to the P\u00fctz family through their work at the Freie Kunst-Studienst\u00e4tte Ottersberg (Ottersberg Free Art Study Centre). Rose-Maria P\u00fctz had already written the foreword to K\u00fcwen&#8217;s book Heilendes Malen (Healing Painting) in 1998.<\/p>\n<p>In January 2026, the armchair was acquired by Katharina Sch\u00fctte, Margaretha K\u00fcwen&#8217;s daughter. The drawing Cosmic Rhythm remains in her possession.<\/p>\n<p>The armchair is made of ash wood, a material often used in the context of anthroposophical furniture design. The surface clearly shows the traces of traditional woodworking with a plane and adze. This treatment gives the furniture a lively, sculptural structure. The wood is simply oiled.<\/p>\n<p>The armchair is largely in its original condition. The seat has two layers of upholstery fabric belonging to the P\u00fctz family. There are also visible signs of older restoration work: a chip has been inserted between the backrest and the rear leg, presumably to close a gap caused by wood shrinkage. The original patina has been partially rubbed off at this point. There is also discolouration on the lower rear leg, which was probably caused by heat exposure.<br \/>\n&nbsp;<\/p>\n<p>W 56 H 82 D 62 Hs 43<\/p>\n<p>&nbsp;<\/p>\n<p>&nbsp;<br \/>\nArmchair by Siegfried P\u00fctz from his private home<br \/>\nPreviously owned by Margaretha K\u00fcwen and Michael Kohr<br \/>\n&nbsp;<\/p>\n<p>&nbsp;<br \/>\nMargaretha K\u00fcwen studied painting and art therapy at the Ottersberg Free Art School from 1980 to 1984. Her husband Michael Kohr was professor of free painting, graphic design and art theory at the Ottersberg University of Applied Sciences from 1985 to 2009.<br \/>\n&nbsp;<\/p>\n<p>The armchair comes from the private home of sculptor, educator and designer Siegfried P\u00fctz (1907\u20131979). P\u00fctz was born on 15 October 1907 in Berlin and died on 21 February 1979 in Ottersberg. In Berlin, he was one of the first pupils at the Waldorf School. From 1922 to 1924, he attended the Waldorf School in Stuttgart, where he met Rudolf Steiner \u2013 a formative experience for his future life and work.<\/p>\n<p>After studying sculpture in Karlsruhe, P\u00fctz continued his training in Dornach, among others with Karl Schubert. Together with the curative educator and Waldorf teacher, he developed what was known as plastic therapy in the early 1930s, an early form of artistic therapy work.<\/p>\n<p>During the Nazi era, P\u00fctz was forced to focus more on designing and manufacturing furniture and everyday objects due to a professional ban. In these works, he took up Rudolf Steiner&#8217;s creative impulses and translated them into a contemporary design language.<\/p>\n<p>After the Second World War, P\u00fctz was a craft teacher at the Waldorf School in Ottersberg for eleven years. In the 1960s, he played a key role in the conception of what later became the Ottersberg Free Art Study Centre. The foundation for the future training centre was laid in 1964 in Krefeld with the establishment of the Association of Rudolf Steiner Work and Study Centres for the Social Impact of Art.<\/p>\n<p>In 1967, P\u00fctz coined the term &#8220;art therapy&#8221; for the first time in the German-speaking world. The term was published in an advertisement in the magazine Erziehungskunst at the start of the first course of study at the study centre. Based on anthroposophical anthropology, Friedrich Schiller&#8217;s aesthetic writings and Rudolf Steiner&#8217;s remarks on &#8220;Goethe as the father of a new aesthetic&#8221;, this developed into an independent field of study. In 1984, the institution received state recognition as a university of applied sciences for art therapy and art.<\/p>\n<p>In the 1970s, Siegfried P\u00fctz and his wife Rose Maria P\u00fctz-Nelsen were also involved in founding the Professional Association for Art Therapy on an Anthroposophical Basis, which later became the Professional Association for Anthroposophical Art Therapy (BVAKT).<br \/>\n&nbsp;<br \/>\nRose Maria P\u00fctz-Nelsen (1913\u20132002) was born on 13 October 1913 in M\u00f6nchengladbach. After training as a youth leader, she met the sculptor and arts and crafts teacher Siegfried P\u00fctz in 1937, whom she later married. Together they worked in curative education, initially with young people in industry and later at the Waldorf School in Ottersberg.<br \/>\n&nbsp;<\/p>\n<p>In 1965, they jointly founded the Rudolf Steiner Work and Study Centre for the Social Impact of Art. This institution gave rise to the Ottersberg Free Art Study Centre in 1967, which received state recognition as a university of applied sciences for art, art education and art therapy in 1984.<\/p>\n","protected":false},"featured_media":35261,"template":"","meta":[],"product_cat":[3964,2510],"product_tag":[],"yoast_head":"<!-- This site is optimized with the Yoast SEO plugin v20.1 - https:\/\/yoast.com\/wordpress\/plugins\/seo\/ -->\n<title>Siegfried P\u00fctz, armchair from the artist&#039;s private collection, around 1940 - Kreutzer Furniture &amp; Design<\/title>\n<meta name=\"robots\" content=\"index, follow, max-snippet:-1, max-image-preview:large, max-video-preview:-1\" \/>\n<link rel=\"canonical\" href=\"https:\/\/kreutzer-modern.de\/en\/produkt\/siegfried-puetz-sessel-aus-dem-privatbesitz-des-kuenstlers-um-1940\/\" \/>\n<meta property=\"og:locale\" content=\"en_US\" \/>\n<meta property=\"og:type\" content=\"article\" \/>\n<meta property=\"og:title\" content=\"Siegfried P\u00fctz, armchair from the artist&#039;s private collection, around 1940 - Kreutzer Furniture &amp; Design\" \/>\n<meta property=\"og:description\" content=\"The armchair was created between 1930 and 1945, when artist and designer Siegfried P\u00fctz was banned from working during the Nazi regime.  In 2001, a year before her death, Rose-Maria P\u00fctz gave the armchair, along with a table and the drawing Kosmischer Rhythmus (Cosmic Rhythm, 1958, black chalk), to the artist Margaretha K\u00fcwen. The handover took place in connection with the book Siegfried P\u00fctz \u2013 Sein Schaffen (Siegfried P\u00fctz \u2013 His Work), signed by Rose-Maria P\u00fctz, which she presented to Margaretha K\u00fcwen with a personal dedication.  Margaretha K\u00fcwen and her husband Michael Kohr were closely connected to the P\u00fctz family through their work at the Freie Kunst-Studienst\u00e4tte Ottersberg (Ottersberg Free Art Study Centre). Rose-Maria P\u00fctz had already written the foreword to K\u00fcwen&#039;s book Heilendes Malen (Healing Painting) in 1998.  In January 2026, the armchair was acquired by Katharina Sch\u00fctte, Margaretha K\u00fcwen&#039;s daughter. The drawing Cosmic Rhythm remains in her possession.  The armchair is made of ash wood, a material often used in the context of anthroposophical furniture design. The surface clearly shows the traces of traditional woodworking with a plane and adze. This treatment gives the furniture a lively, sculptural structure. The wood is simply oiled.   The armchair is largely in its original condition. The seat has two layers of upholstery fabric belonging to the P\u00fctz family. There are also visible signs of older restoration work: a chip has been inserted between the backrest and the rear leg, presumably to close a gap caused by wood shrinkage. The original patina has been partially rubbed off at this point. There is also discolouration on the lower rear leg, which was probably caused by heat exposure. &nbsp;  W 56 H 82 D 62 Hs 43  &nbsp;   &nbsp; Armchair by Siegfried P\u00fctz from his private home Previously owned by Margaretha K\u00fcwen and Michael Kohr &nbsp;  &nbsp; Margaretha K\u00fcwen studied painting and art therapy at the Ottersberg Free Art School from 1980 to 1984. Her husband Michael Kohr was professor of free painting, graphic design and art theory at the Ottersberg University of Applied Sciences from 1985 to 2009. &nbsp;  The armchair comes from the private home of sculptor, educator and designer Siegfried P\u00fctz (1907\u20131979). P\u00fctz was born on 15 October 1907 in Berlin and died on 21 February 1979 in Ottersberg. In Berlin, he was one of the first pupils at the Waldorf School. From 1922 to 1924, he attended the Waldorf School in Stuttgart, where he met Rudolf Steiner \u2013 a formative experience for his future life and work.   After studying sculpture in Karlsruhe, P\u00fctz continued his training in Dornach, among others with Karl Schubert. Together with the curative educator and Waldorf teacher, he developed what was known as plastic therapy in the early 1930s, an early form of artistic therapy work.  During the Nazi era, P\u00fctz was forced to focus more on designing and manufacturing furniture and everyday objects due to a professional ban. In these works, he took up Rudolf Steiner&#039;s creative impulses and translated them into a contemporary design language.  After the Second World War, P\u00fctz was a craft teacher at the Waldorf School in Ottersberg for eleven years. In the 1960s, he played a key role in the conception of what later became the Ottersberg Free Art Study Centre. The foundation for the future training centre was laid in 1964 in Krefeld with the establishment of the Association of Rudolf Steiner Work and Study Centres for the Social Impact of Art.   In 1967, P\u00fctz coined the term &quot;art therapy&quot; for the first time in the German-speaking world. The term was published in an advertisement in the magazine Erziehungskunst at the start of the first course of study at the study centre. Based on anthroposophical anthropology, Friedrich Schiller&#039;s aesthetic writings and Rudolf Steiner&#039;s remarks on &quot;Goethe as the father of a new aesthetic&quot;, this developed into an independent field of study. In 1984, the institution received state recognition as a university of applied sciences for art therapy and art.  In the 1970s, Siegfried P\u00fctz and his wife Rose Maria P\u00fctz-Nelsen were also involved in founding the Professional Association for Art Therapy on an Anthroposophical Basis, which later became the Professional Association for Anthroposophical Art Therapy (BVAKT). &nbsp; Rose Maria P\u00fctz-Nelsen (1913\u20132002) was born on 13 October 1913 in M\u00f6nchengladbach. After training as a youth leader, she met the sculptor and arts and crafts teacher Siegfried P\u00fctz in 1937, whom she later married. Together they worked in curative education, initially with young people in industry and later at the Waldorf School in Ottersberg. &nbsp;  In 1965, they jointly founded the Rudolf Steiner Work and Study Centre for the Social Impact of Art. This institution gave rise to the Ottersberg Free Art Study Centre in 1967, which received state recognition as a university of applied sciences for art, art education and art therapy in 1984.\" \/>\n<meta property=\"og:url\" content=\"https:\/\/kreutzer-modern.de\/en\/produkt\/siegfried-puetz-sessel-aus-dem-privatbesitz-des-kuenstlers-um-1940\/\" \/>\n<meta property=\"og:site_name\" content=\"Kreutzer Furniture &amp; Design\" \/>\n<meta property=\"article:modified_time\" content=\"2026-03-11T10:03:56+00:00\" \/>\n<meta property=\"og:image\" content=\"https:\/\/kreutzer-modern.de\/wp-content\/uploads\/2026\/02\/IMG_9873.jpg\" \/>\n\t<meta property=\"og:image:width\" content=\"1512\" \/>\n\t<meta property=\"og:image:height\" content=\"1512\" \/>\n\t<meta property=\"og:image:type\" content=\"image\/jpeg\" \/>\n<meta name=\"twitter:card\" content=\"summary_large_image\" \/>\n<script type=\"application\/ld+json\" class=\"yoast-schema-graph\">{\"@context\":\"https:\/\/schema.org\",\"@graph\":[{\"@type\":\"WebPage\",\"@id\":\"https:\/\/kreutzer-modern.de\/en\/produkt\/siegfried-puetz-sessel-aus-dem-privatbesitz-des-kuenstlers-um-1940\/\",\"url\":\"https:\/\/kreutzer-modern.de\/en\/produkt\/siegfried-puetz-sessel-aus-dem-privatbesitz-des-kuenstlers-um-1940\/\",\"name\":\"Siegfried P\u00fctz, armchair from the artist's private collection, around 1940 - Kreutzer Furniture &amp; Design\",\"isPartOf\":{\"@id\":\"https:\/\/kreutzer-modern.de\/#website\"},\"datePublished\":\"2026-02-28T17:07:52+00:00\",\"dateModified\":\"2026-03-11T10:03:56+00:00\",\"breadcrumb\":{\"@id\":\"https:\/\/kreutzer-modern.de\/en\/produkt\/siegfried-puetz-sessel-aus-dem-privatbesitz-des-kuenstlers-um-1940\/#breadcrumb\"},\"inLanguage\":\"en-US\",\"potentialAction\":[{\"@type\":\"ReadAction\",\"target\":[\"https:\/\/kreutzer-modern.de\/en\/produkt\/siegfried-puetz-sessel-aus-dem-privatbesitz-des-kuenstlers-um-1940\/\"]}]},{\"@type\":\"BreadcrumbList\",\"@id\":\"https:\/\/kreutzer-modern.de\/en\/produkt\/siegfried-puetz-sessel-aus-dem-privatbesitz-des-kuenstlers-um-1940\/#breadcrumb\",\"itemListElement\":[{\"@type\":\"ListItem\",\"position\":1,\"name\":\"products\",\"item\":\"https:\/\/kreutzer-modern.de\/en\/products\/\"},{\"@type\":\"ListItem\",\"position\":2,\"name\":\"Alle\",\"item\":\"https:\/\/kreutzer-modern.de\/produkt-kategorie\/alle\/\"},{\"@type\":\"ListItem\",\"position\":3,\"name\":\"Siegfried P\u00fctz, armchair from the artist&#8217;s private collection, around 1940\"}]},{\"@type\":\"WebSite\",\"@id\":\"https:\/\/kreutzer-modern.de\/#website\",\"url\":\"https:\/\/kreutzer-modern.de\/\",\"name\":\"Kreutzer Furniture &amp; Design\",\"description\":\"Design Classics of Modernity\",\"potentialAction\":[{\"@type\":\"SearchAction\",\"target\":{\"@type\":\"EntryPoint\",\"urlTemplate\":\"https:\/\/kreutzer-modern.de\/?s={search_term_string}\"},\"query-input\":\"required name=search_term_string\"}],\"inLanguage\":\"en-US\"}]}<\/script>\n<!-- \/ Yoast SEO plugin. -->","yoast_head_json":{"title":"Siegfried P\u00fctz, armchair from the artist's private collection, around 1940 - Kreutzer Furniture &amp; Design","robots":{"index":"index","follow":"follow","max-snippet":"max-snippet:-1","max-image-preview":"max-image-preview:large","max-video-preview":"max-video-preview:-1"},"canonical":"https:\/\/kreutzer-modern.de\/en\/produkt\/siegfried-puetz-sessel-aus-dem-privatbesitz-des-kuenstlers-um-1940\/","og_locale":"en_US","og_type":"article","og_title":"Siegfried P\u00fctz, armchair from the artist's private collection, around 1940 - Kreutzer Furniture &amp; Design","og_description":"The armchair was created between 1930 and 1945, when artist and designer Siegfried P\u00fctz was banned from working during the Nazi regime.  In 2001, a year before her death, Rose-Maria P\u00fctz gave the armchair, along with a table and the drawing Kosmischer Rhythmus (Cosmic Rhythm, 1958, black chalk), to the artist Margaretha K\u00fcwen. The handover took place in connection with the book Siegfried P\u00fctz \u2013 Sein Schaffen (Siegfried P\u00fctz \u2013 His Work), signed by Rose-Maria P\u00fctz, which she presented to Margaretha K\u00fcwen with a personal dedication.  Margaretha K\u00fcwen and her husband Michael Kohr were closely connected to the P\u00fctz family through their work at the Freie Kunst-Studienst\u00e4tte Ottersberg (Ottersberg Free Art Study Centre). Rose-Maria P\u00fctz had already written the foreword to K\u00fcwen's book Heilendes Malen (Healing Painting) in 1998.  In January 2026, the armchair was acquired by Katharina Sch\u00fctte, Margaretha K\u00fcwen's daughter. The drawing Cosmic Rhythm remains in her possession.  The armchair is made of ash wood, a material often used in the context of anthroposophical furniture design. The surface clearly shows the traces of traditional woodworking with a plane and adze. This treatment gives the furniture a lively, sculptural structure. The wood is simply oiled.   The armchair is largely in its original condition. The seat has two layers of upholstery fabric belonging to the P\u00fctz family. There are also visible signs of older restoration work: a chip has been inserted between the backrest and the rear leg, presumably to close a gap caused by wood shrinkage. The original patina has been partially rubbed off at this point. There is also discolouration on the lower rear leg, which was probably caused by heat exposure. &nbsp;  W 56 H 82 D 62 Hs 43  &nbsp;   &nbsp; Armchair by Siegfried P\u00fctz from his private home Previously owned by Margaretha K\u00fcwen and Michael Kohr &nbsp;  &nbsp; Margaretha K\u00fcwen studied painting and art therapy at the Ottersberg Free Art School from 1980 to 1984. Her husband Michael Kohr was professor of free painting, graphic design and art theory at the Ottersberg University of Applied Sciences from 1985 to 2009. &nbsp;  The armchair comes from the private home of sculptor, educator and designer Siegfried P\u00fctz (1907\u20131979). P\u00fctz was born on 15 October 1907 in Berlin and died on 21 February 1979 in Ottersberg. In Berlin, he was one of the first pupils at the Waldorf School. From 1922 to 1924, he attended the Waldorf School in Stuttgart, where he met Rudolf Steiner \u2013 a formative experience for his future life and work.   After studying sculpture in Karlsruhe, P\u00fctz continued his training in Dornach, among others with Karl Schubert. Together with the curative educator and Waldorf teacher, he developed what was known as plastic therapy in the early 1930s, an early form of artistic therapy work.  During the Nazi era, P\u00fctz was forced to focus more on designing and manufacturing furniture and everyday objects due to a professional ban. In these works, he took up Rudolf Steiner's creative impulses and translated them into a contemporary design language.  After the Second World War, P\u00fctz was a craft teacher at the Waldorf School in Ottersberg for eleven years. In the 1960s, he played a key role in the conception of what later became the Ottersberg Free Art Study Centre. The foundation for the future training centre was laid in 1964 in Krefeld with the establishment of the Association of Rudolf Steiner Work and Study Centres for the Social Impact of Art.   In 1967, P\u00fctz coined the term \"art therapy\" for the first time in the German-speaking world. The term was published in an advertisement in the magazine Erziehungskunst at the start of the first course of study at the study centre. Based on anthroposophical anthropology, Friedrich Schiller's aesthetic writings and Rudolf Steiner's remarks on \"Goethe as the father of a new aesthetic\", this developed into an independent field of study. In 1984, the institution received state recognition as a university of applied sciences for art therapy and art.  In the 1970s, Siegfried P\u00fctz and his wife Rose Maria P\u00fctz-Nelsen were also involved in founding the Professional Association for Art Therapy on an Anthroposophical Basis, which later became the Professional Association for Anthroposophical Art Therapy (BVAKT). &nbsp; Rose Maria P\u00fctz-Nelsen (1913\u20132002) was born on 13 October 1913 in M\u00f6nchengladbach. After training as a youth leader, she met the sculptor and arts and crafts teacher Siegfried P\u00fctz in 1937, whom she later married. Together they worked in curative education, initially with young people in industry and later at the Waldorf School in Ottersberg. &nbsp;  In 1965, they jointly founded the Rudolf Steiner Work and Study Centre for the Social Impact of Art. This institution gave rise to the Ottersberg Free Art Study Centre in 1967, which received state recognition as a university of applied sciences for art, art education and art therapy in 1984.","og_url":"https:\/\/kreutzer-modern.de\/en\/produkt\/siegfried-puetz-sessel-aus-dem-privatbesitz-des-kuenstlers-um-1940\/","og_site_name":"Kreutzer Furniture &amp; Design","article_modified_time":"2026-03-11T10:03:56+00:00","og_image":[{"width":1512,"height":1512,"url":"https:\/\/kreutzer-modern.de\/wp-content\/uploads\/2026\/02\/IMG_9873.jpg","type":"image\/jpeg"}],"twitter_card":"summary_large_image","schema":{"@context":"https:\/\/schema.org","@graph":[{"@type":"WebPage","@id":"https:\/\/kreutzer-modern.de\/en\/produkt\/siegfried-puetz-sessel-aus-dem-privatbesitz-des-kuenstlers-um-1940\/","url":"https:\/\/kreutzer-modern.de\/en\/produkt\/siegfried-puetz-sessel-aus-dem-privatbesitz-des-kuenstlers-um-1940\/","name":"Siegfried P\u00fctz, armchair from the artist's private collection, around 1940 - Kreutzer Furniture &amp; Design","isPartOf":{"@id":"https:\/\/kreutzer-modern.de\/#website"},"datePublished":"2026-02-28T17:07:52+00:00","dateModified":"2026-03-11T10:03:56+00:00","breadcrumb":{"@id":"https:\/\/kreutzer-modern.de\/en\/produkt\/siegfried-puetz-sessel-aus-dem-privatbesitz-des-kuenstlers-um-1940\/#breadcrumb"},"inLanguage":"en-US","potentialAction":[{"@type":"ReadAction","target":["https:\/\/kreutzer-modern.de\/en\/produkt\/siegfried-puetz-sessel-aus-dem-privatbesitz-des-kuenstlers-um-1940\/"]}]},{"@type":"BreadcrumbList","@id":"https:\/\/kreutzer-modern.de\/en\/produkt\/siegfried-puetz-sessel-aus-dem-privatbesitz-des-kuenstlers-um-1940\/#breadcrumb","itemListElement":[{"@type":"ListItem","position":1,"name":"products","item":"https:\/\/kreutzer-modern.de\/en\/products\/"},{"@type":"ListItem","position":2,"name":"Alle","item":"https:\/\/kreutzer-modern.de\/produkt-kategorie\/alle\/"},{"@type":"ListItem","position":3,"name":"Siegfried P\u00fctz, armchair from the artist&#8217;s private collection, around 1940"}]},{"@type":"WebSite","@id":"https:\/\/kreutzer-modern.de\/#website","url":"https:\/\/kreutzer-modern.de\/","name":"Kreutzer Furniture &amp; Design","description":"Design Classics of Modernity","potentialAction":[{"@type":"SearchAction","target":{"@type":"EntryPoint","urlTemplate":"https:\/\/kreutzer-modern.de\/?s={search_term_string}"},"query-input":"required name=search_term_string"}],"inLanguage":"en-US"}]}},"_links":{"self":[{"href":"https:\/\/kreutzer-modern.de\/en\/wp-json\/wp\/v2\/product\/35289"}],"collection":[{"href":"https:\/\/kreutzer-modern.de\/en\/wp-json\/wp\/v2\/product"}],"about":[{"href":"https:\/\/kreutzer-modern.de\/en\/wp-json\/wp\/v2\/types\/product"}],"wp:featuredmedia":[{"embeddable":true,"href":"https:\/\/kreutzer-modern.de\/en\/wp-json\/wp\/v2\/media\/35261"}],"wp:attachment":[{"href":"https:\/\/kreutzer-modern.de\/en\/wp-json\/wp\/v2\/media?parent=35289"}],"wp:term":[{"taxonomy":"product_cat","embeddable":true,"href":"https:\/\/kreutzer-modern.de\/en\/wp-json\/wp\/v2\/product_cat?post=35289"},{"taxonomy":"product_tag","embeddable":true,"href":"https:\/\/kreutzer-modern.de\/en\/wp-json\/wp\/v2\/product_tag?post=35289"}],"curies":[{"name":"wp","href":"https:\/\/api.w.org\/{rel}","templated":true}]}}